{"id":21704,"date":"2024-04-02T13:54:53","date_gmt":"2024-04-02T11:54:53","guid":{"rendered":"https:\/\/es.mucho.blog.desarrollogrupoics.com\/blog\/?page_id=21704"},"modified":"2024-07-05T13:41:24","modified_gmt":"2024-07-05T11:41:24","slug":"inicio","status":"publish","type":"page","link":"https:\/\/www.muchoneumatico.com\/blog\/","title":{"rendered":"Inicio"},"content":{"rendered":"<p>\u00a1Bienvenidos\u00a0<strong>al blog de Muchoneumatico.com,<\/strong>\u00a0tu destino definitivo para explorar el vasto universo de los neum\u00e1ticos! Aqu\u00ed encontrar\u00e1s todo lo que necesitas saber sobre ruedas,<\/p>\n<p>tanto si eres un entusiasta del automovilismo, un motociclista apasionado, un amante de los viajes o simplemente alguien interesado en mantener su veh\u00edculo en \u00f3ptimas condiciones.<\/p>\n<h2>Tu blog de noticias sobre neum\u00e1ticos<\/h2>\n<p>En nuestro blog,<strong>\u00a0nos sumergimos en una amplia variedad de temas<\/strong>\u00a0que abarcan desde las \u00faltimas noticias del sector hasta consejos pr\u00e1cticos sobre c\u00f3mo seleccionar el neum\u00e1tico adecuado para tu coche, moto o 4&#215;4.<\/p>\n<p>Descubre art\u00edculos detallados sobre las marcas m\u00e1s reconocidas y aprende c\u00f3mo sus innovaciones pueden ayudarte a mejorar el rendimiento y la seguridad de tu veh\u00edculo.<\/p>\n<p>Hablamos tambi\u00e9n sobre seguridad vial, ofreci\u00e9ndote las mejores recomendaciones y pr\u00e1cticas para garantizar que tus viajes sean seguros. Adem\u00e1s, te mantenemos al d\u00eda con informaci\u00f3n sobre las condiciones de tr\u00e1fico, para que puedas planificar tus desplazamientos\u00a0<strong>de manera eficiente<\/strong>.<\/p>\n<h3>La revista para los que buscan informaci\u00f3n sobre neum\u00e1ticos<\/h3>\n<p>Para los aventureros, tenemos secciones dedicadas a viajes y exploraci\u00f3n en 4&#215;4, donde compartimos<strong>\u00a0gu\u00edas y consejos<\/strong>\u00a0para que tus escapadas sean inolvidables. Y para los fan\u00e1ticos de la velocidad y la competici\u00f3n, ofrecemos cobertura sobre los eventos m\u00e1s emocionantes en el mundo del deporte motor.<\/p>\n<p>En\u00a0<a title=\"Neum\u00e1ticos Online\" href=\"https:\/\/www.muchoneumatico.com\/\">Muchoneumatico.com<\/a>, estamos comprometidos con brindarte contenido de calidad que no solo informe, sino que tambi\u00e9n entretenga y eduque.\u00a0<strong>\u00danete a nuestra comunidad<\/strong>\u00a0y mantente al d\u00eda con todo lo relacionado con el apasionante mundo de los neum\u00e1ticos. \u00a1Esperamos verte a menudo por aqu\u00ed!<\/p>\n","protected":false},"excerpt":{"rendered":"<p>\u00a1Bienvenidos\u00a0al blog de Muchoneumatico.com,\u00a0tu destino definitivo para explorar el vasto universo de los neum\u00e1ticos! Aqu\u00ed encontrar\u00e1s todo lo que necesitas saber sobre ruedas, tanto si eres un entusiasta del automovilismo, un motociclista apasionado, un amante de los viajes o simplemente alguien interesado en mantener su veh\u00edculo en \u00f3ptimas condiciones. Tu blog de noticias sobre neum\u00e1ticos [&hellip;]<\/p>\n","protected":false},"author":6,"featured_media":0,"parent":0,"menu_order":0,"comment_status":"closed","ping_status":"closed","template":"page-home.php","meta":{"footnotes":""},"class_list":["post-21704","page","type-page","status-publish","hentry"],"_links":{"self":[{"href":"https:\/\/www.muchoneumatico.com\/blog\/wp-json\/wp\/v2\/pages\/21704","targetHints":{"allow":["GET"]}}],"collection":[{"href":"https:\/\/www.muchoneumatico.com\/blog\/wp-json\/wp\/v2\/pages"}],"about":[{"href":"https:\/\/www.muchoneumatico.com\/blog\/wp-json\/wp\/v2\/types\/page"}],"author":[{"embeddable":true,"href":"https:\/\/www.muchoneumatico.com\/blog\/wp-json\/wp\/v2\/users\/6"}],"replies":[{"embeddable":true,"href":"https:\/\/www.muchoneumatico.com\/blog\/wp-json\/wp\/v2\/comments?post=21704"}],"version-history":[{"count":0,"href":"https:\/\/www.muchoneumatico.com\/blog\/wp-json\/wp\/v2\/pages\/21704\/revisions"}],"wp:attachment":[{"href":"https:\/\/www.muchoneumatico.com\/blog\/wp-json\/wp\/v2\/media?parent=21704"}],"curies":[{"name":"wp","href":"https:\/\/api.w.org\/{rel}","templated":true}]}}