{"id":16125,"date":"2023-01-25T10:17:46","date_gmt":"2023-01-25T09:17:46","guid":{"rendered":"https:\/\/www.muchoneumatico.com\/blog\/?page_id=16125"},"modified":"2024-12-02T10:13:37","modified_gmt":"2024-12-02T09:13:37","slug":"neumaticos-milestone","status":"publish","type":"page","link":"https:\/\/www.muchoneumatico.com\/blog\/fabricantes\/neumaticos-milestone\/","title":{"rendered":"Neum\u00e1ticos Milestone"},"content":{"rendered":"<p>Los <a href=\"https:\/\/www.muchoneumatico.com\/marcas\/milestone\">neum\u00e1ticos Milestone<\/a> son neum\u00e1ticos que aportan un equilibrio a tu coche entre la seguridad que dan unos buenos neum\u00e1ticos y la comodidad de elegir una buena marca para largos viajes.\u00a0Si est\u00e1s buscando una buena gama de neum\u00e1ticos low cost, la mejor opci\u00f3n es\u00a0<strong>neum\u00e1ticos Milestone<\/strong>.<\/p>\n<h2>Neum\u00e1ticos Milestone: caracter\u00edsticas<\/h2>\n<p>Gracias a los t\u00e9cnicos de la empresa que han sometido las ruedas a duras pruebas, se ha podido comprobar que dichos neum\u00e1ticos tienen una alta durabilidad y una simetr\u00eda que favorece el agarre.<\/p>\n<p><strong>Milestone<\/strong> cuenta con una excelente relaci\u00f3n entre la calidad que ofrecen y el precio que tienen, <strong>se trata de una segunda marca de<\/strong> <span style=\"text-decoration: underline;\"><a href=\"https:\/\/www.muchoneumatico.com\/marcas\/continental\">Continental<\/a><\/span>.\u00a0 Esto, adem\u00e1s de ayudar en la reducci\u00f3n del coste, hace que puedas tener unas ruedas con un buen agarre en curvas o que puedas seguir teniendo el mejor equilibrio del coche aun en suelos mojados.<\/p>\n<p><img decoding=\"async\" class=\"aligncenter size-full wp-image-16129 lazyload\" data-src=\"https:\/\/www.muchoneumatico.com\/blog\/wp-content\/uploads\/2023\/01\/new-car-tires-rack.jpg\" alt=\"Neum\u00e1ticos Milestone\" width=\"2000\" height=\"1334\" src=\"data:image\/svg+xml;base64,PHN2ZyB3aWR0aD0iMSIgaGVpZ2h0PSIxIiB4bWxucz0iaHR0cDovL3d3dy53My5vcmcvMjAwMC9zdmciPjwvc3ZnPg==\" style=\"--smush-placeholder-width: 2000px; --smush-placeholder-aspect-ratio: 2000\/1334;\" \/><\/p>\n<p><strong>Neum\u00e1ticos Milestone<\/strong>\u00a0lleva muchos a\u00f1os en el mercado de los neum\u00e1ticos aportando a todos sus clientes un amplio cat\u00e1logo con modelos y\u00a0<span style=\"text-decoration: underline;\"><a href=\"https:\/\/www.muchoneumatico.com\/comprar-neumaticos\/neumaticos-medidas\">medidas de neum\u00e1ticos<\/a><\/span>.\u00a0 Tambi\u00e9n se puede ver en el cat\u00e1logo\u00a0 dise\u00f1os para turismo o furgonetas de todo tipo e incluso neum\u00e1ticos Milestone para todoterrenos.<\/p>\n<p>Si est\u00e1s buscando unas buenas ruedas que le aporten a tu coche una rodadura muy leve y esto te permite ahorrar en gasolina, podr\u00e1s encontrar la mejor opci\u00f3n\u00a0 en neum\u00e1ticos Milestone, en los cu\u00e1les, adem\u00e1s de encontrar grandes beneficios en su compra, descubrir\u00e1s un <strong>gran ahorro<\/strong> despu\u00e9s de comprarlos.<\/p>\n<h3>Por qu\u00e9 elegir neum\u00e1ticos Milestone<\/h3>\n<p>Elegir neum\u00e1ticos Milestone <strong>es una elecci\u00f3n respetuosa con el medio ambiente<\/strong>. La tecnolog\u00eda verde durante el proceso de producci\u00f3n y la m\u00e1xima implicaci\u00f3n medioambiental son valores importantes para Milestone.<\/p>\n<p>Los neum\u00e1ticos Milestone se caracterizan por una <span style=\"text-decoration: underline;\"><a href=\"https:\/\/www.muchoneumatico.com\/blog\/neumaticos\/resistencia-a-la-rodadura\/\">resistencia a la rodadura<\/a><\/span> significativamente reducida. Esto se traduce en una reducci\u00f3n del consumo de combustible y de las emisiones de CO2. Sin embargo, los altos requisitos medioambientales impuestos por el fabricante a su producto no afectan a las caracter\u00edsticas de conducci\u00f3n.<\/p>\n<p>Los neum\u00e1ticos Milestone ofrecen el m\u00e1ximo rendimiento con el m\u00ednimo impacto medioambiental. El perfil de la banda de rodadura consta de bloques cambiados y ranuras longitudinales estrechas que aseguran un mejor contacto con la carretera y un mejor rendimiento de <span style=\"text-decoration: underline;\"><a href=\"https:\/\/www.muchoneumatico.com\/blog\/consejos\/frenar-mojado-lluvia\/\">frenado sobre mojado<\/a><\/span>.<\/p>\n<p><img decoding=\"async\" class=\"aligncenter size-full wp-image-16130 lazyload\" data-src=\"https:\/\/www.muchoneumatico.com\/blog\/wp-content\/uploads\/2023\/01\/detail-stack-of-new-car-tire-automotive-rubber-wheel-car-for-automobile-1.jpg\" alt=\"Neum\u00e1ticos Milestone\" width=\"2000\" height=\"1335\" src=\"data:image\/svg+xml;base64,PHN2ZyB3aWR0aD0iMSIgaGVpZ2h0PSIxIiB4bWxucz0iaHR0cDovL3d3dy53My5vcmcvMjAwMC9zdmciPjwvc3ZnPg==\" style=\"--smush-placeholder-width: 2000px; --smush-placeholder-aspect-ratio: 2000\/1335;\" \/><\/p>\n","protected":false},"excerpt":{"rendered":"<p>Los neum\u00e1ticos Milestone son neum\u00e1ticos que aportan un equilibrio a tu coche entre la seguridad que dan unos buenos neum\u00e1ticos y la comodidad de elegir una buena marca para largos viajes.\u00a0Si est\u00e1s buscando una buena gama de neum\u00e1ticos low cost, la mejor opci\u00f3n es\u00a0neum\u00e1ticos Milestone. Neum\u00e1ticos Milestone: caracter\u00edsticas Gracias a los t\u00e9cnicos de la empresa [&hellip;]<\/p>\n","protected":false},"author":6,"featured_media":16128,"parent":15852,"menu_order":0,"comment_status":"closed","ping_status":"closed","template":"","meta":{"footnotes":""},"class_list":["post-16125","page","type-page","status-publish","has-post-thumbnail","hentry"],"_links":{"self":[{"href":"https:\/\/www.muchoneumatico.com\/blog\/wp-json\/wp\/v2\/pages\/16125","targetHints":{"allow":["GET"]}}],"collection":[{"href":"https:\/\/www.muchoneumatico.com\/blog\/wp-json\/wp\/v2\/pages"}],"about":[{"href":"https:\/\/www.muchoneumatico.com\/blog\/wp-json\/wp\/v2\/types\/page"}],"author":[{"embeddable":true,"href":"https:\/\/www.muchoneumatico.com\/blog\/wp-json\/wp\/v2\/users\/6"}],"replies":[{"embeddable":true,"href":"https:\/\/www.muchoneumatico.com\/blog\/wp-json\/wp\/v2\/comments?post=16125"}],"version-history":[{"count":0,"href":"https:\/\/www.muchoneumatico.com\/blog\/wp-json\/wp\/v2\/pages\/16125\/revisions"}],"up":[{"embeddable":true,"href":"https:\/\/www.muchoneumatico.com\/blog\/wp-json\/wp\/v2\/pages\/15852"}],"wp:featuredmedia":[{"embeddable":true,"href":"https:\/\/www.muchoneumatico.com\/blog\/wp-json\/wp\/v2\/media\/16128"}],"wp:attachment":[{"href":"https:\/\/www.muchoneumatico.com\/blog\/wp-json\/wp\/v2\/media?parent=16125"}],"curies":[{"name":"wp","href":"https:\/\/api.w.org\/{rel}","templated":true}]}}