{"id":16105,"date":"2023-01-25T09:48:37","date_gmt":"2023-01-25T08:48:37","guid":{"rendered":"https:\/\/www.muchoneumatico.com\/blog\/?page_id=16105"},"modified":"2024-12-02T10:20:24","modified_gmt":"2024-12-02T09:20:24","slug":"neumaticos-cheng-shin","status":"publish","type":"page","link":"https:\/\/www.muchoneumatico.com\/blog\/fabricantes\/neumaticos-cheng-shin\/","title":{"rendered":"Neum\u00e1ticos Cheng Shin"},"content":{"rendered":"<p>Los <a href=\"https:\/\/www.muchoneumatico.com\/marcas\/cheng-shin\">neum\u00e1ticos Cheng Shin<\/a> (Cheng Shin Tire o CST) empezaron a producirse<strong> en 1967<\/strong> en la ciudad de Yuanlin en <strong>Taiw\u00e1n<\/strong>. Hoy, Cheng-Shin Rubber Ind. Co., Ltd es la <strong>11\u00aa empresa de caucho m\u00e1s grande del mundo. <\/strong>Cheng-Shin se distingui\u00f3 inicialmente como fabricante de neum\u00e1ticos para <a href=\"https:\/\/www.muchoneumatico.com\/blog\/noticias\/cargo-bike\/\">bicicletas<\/a>, que siempre ha sido el principal medio de transporte en Asia, ampliando posteriormente su producci\u00f3n de neum\u00e1ticos a otros segmentos del mercado. Actualmente esta empresa produce <span style=\"text-decoration: underline;\"><a href=\"https:\/\/www.muchoneumatico.com\/comprar-neumaticos\/neumaticos-moto\">ruedas para motocicletas<\/a><\/span>, veh\u00edculos todo terreno (ATV), karts, veh\u00edculos industriales, <span style=\"text-decoration: underline;\"><a href=\"https:\/\/www.muchoneumatico.com\/comprar-neumaticos\/ruedas-para-remolques\">remolques<\/a><\/span>, autom\u00f3viles, camionetas, <span style=\"text-decoration: underline;\"><a href=\"https:\/\/www.muchoneumatico.com\/comprar-neumaticos\/neumaticos-camion\">camiones<\/a><\/span> y autobuses.<\/p>\n<h2>Neum\u00e1ticos Cheng Shin, toda la informaci\u00f3n<\/h2>\n<p>Los neum\u00e1ticos de la marca CST <strong>tienen m\u00e1s de 20000 empleados<\/strong>, y son presentes en m\u00e1s de 150 pa\u00edses, cubriendo una amplia gama de sectores comerciales. Los productos de CST incluyen neum\u00e1ticos y c\u00e1maras para bicicletas, motocicletas y ciclomotores, veh\u00edculos todo terreno, autom\u00f3viles, camiones, montacargas, equipos agr\u00edcolas, de c\u00e9sped y jard\u00edn.<\/p>\n<p>Con instalaciones que comprenden tres plantas de fabricaci\u00f3n en Xiamen, China, los operadores de CST se enorgullecen de fabricar arreglos de clase mundial, aprovechando tecnolog\u00eda innovadora y prestando mucha atenci\u00f3n a la calidad, la entrega y la satisfacci\u00f3n del cliente. CST cumple con los m\u00e1s estrictos est\u00e1ndares internacionales. La empresa ha obtenido numerosas certificaciones y premios, entre los que destacan las certificaciones <span style=\"text-decoration: underline;\"><a href=\"https:\/\/www.muchoneumatico.com\/blog\/noticias\/fecha-fabricacion-neumaticos-dot\/\">DOT<\/a><\/span> (US Ministry of Transportation), ISO9001, E-Mark, TS 16949 y la famosa China Brand Aaward.<\/p>\n<p><img decoding=\"async\" class=\"aligncenter size-full wp-image-16110 lazyload\" data-src=\"https:\/\/www.muchoneumatico.com\/blog\/wp-content\/uploads\/2023\/01\/close-up-of-new-car-wheel-tyre-2.jpg\" alt=\"Neum\u00e1ticos Cheng Shin\" width=\"2000\" height=\"1333\" src=\"data:image\/svg+xml;base64,PHN2ZyB3aWR0aD0iMSIgaGVpZ2h0PSIxIiB4bWxucz0iaHR0cDovL3d3dy53My5vcmcvMjAwMC9zdmciPjwvc3ZnPg==\" style=\"--smush-placeholder-width: 2000px; --smush-placeholder-aspect-ratio: 2000\/1333;\" \/><\/p>\n<h3>Neum\u00e1ticos Cheng Shin modelos<\/h3>\n<p><strong>Cheng Shin para alto rendimiento<\/strong><\/p>\n<ul>\n<li>Adreno 5<\/li>\n<li>Adreno H\/P Sport AD-R8 6<\/li>\n<li>Adreno H\/P Sport AD-R8<\/li>\n<\/ul>\n<p>Son <strong>un compromiso entre el rendimiento y la durabilidad<\/strong>, ofrecen un rendimiento m\u00e1s bajo que los neum\u00e1ticos de ultra alto rendimiento pero tienen una vida \u00fatil m\u00e1s larga. Est\u00e1n construidos para un manejo predecible a altas velocidades y una buena calidad de marcha.<\/p>\n<p><strong> Cheng Shin para coches turismo<\/strong><\/p>\n<ul>\n<li>ACP1<\/li>\n<li>CL02<\/li>\n<li>CL02<\/li>\n<li>CL31<\/li>\n<li>CL31<\/li>\n<li>CL31<\/li>\n<li>Marquis MR61<\/li>\n<li>Marquis MR61<\/li>\n<\/ul>\n<p>Los neum\u00e1ticos<strong> \u00abPassenger\u00bb<\/strong> de Cheng Shin Tire son neum\u00e1ticos destinados a aquellos con un presupuesto limitado, suelen ser los m\u00e1s baratos disponibles en el mercado. No alcanzan las prestaciones de los neum\u00e1ticos Performance y no garantizan el confort y la gran duraci\u00f3n de la banda de rodadura de los neum\u00e1ticos Touring, pero tienen un coste muy reducido.<\/p>\n<p><strong>Cheng Shin para coches touring<\/strong><\/p>\n<ul>\n<li>CS868, CS889, CS900, CS900<\/li>\n<li>Marquis<\/li>\n<li>Medallion MD-a1 4<\/li>\n<li>Medallion MD-A1<\/li>\n<li>Medallion MD-A1<\/li>\n<li>PK01 Parkour 1<\/li>\n<li>PK01 Parkour 4<\/li>\n<\/ul>\n<p>Los neum\u00e1ticos \u00abStandard Turing\u00bb de Cheng Shin Tire<strong> est\u00e1n dise\u00f1ados para ofrecer una mayor vida \u00fatil de la banda de rodadura<\/strong>, bajo consumo de combustible y <span style=\"text-decoration: underline;\"><a href=\"https:\/\/www.muchoneumatico.com\/blog\/noticias\/coches-comodos-personas-mayores\/\">comodidad<\/a><\/span> de conducci\u00f3n, mientras sacrifican algo en t\u00e9rminos de rendimiento puro, pero no alcanzan los niveles de comodidad y econom\u00eda de combustible de los neum\u00e1ticos Premium Touring, pero son m\u00e1s baratos.<\/p>\n<p><img decoding=\"async\" class=\"aligncenter size-full wp-image-16111 lazyload\" data-src=\"https:\/\/www.muchoneumatico.com\/blog\/wp-content\/uploads\/2023\/01\/man-customer-client-choosing-and-buying-a-retail-tire-at-automobile-sale-shop-store.jpg\" alt=\"Neum\u00e1ticos Cheng Shin\" width=\"2000\" height=\"1335\" src=\"data:image\/svg+xml;base64,PHN2ZyB3aWR0aD0iMSIgaGVpZ2h0PSIxIiB4bWxucz0iaHR0cDovL3d3dy53My5vcmcvMjAwMC9zdmciPjwvc3ZnPg==\" style=\"--smush-placeholder-width: 2000px; --smush-placeholder-aspect-ratio: 2000\/1335;\" \/><\/p>\n<p><strong>Cheng Shin para SUV y 4&#215;4<\/strong><\/p>\n<ul>\n<li>CS912<\/li>\n<\/ul>\n<p>Los neum\u00e1ticos <strong>\u00abSUV Highway\/Terrain\u00bb<\/strong> de Cheng Shin Tire est\u00e1n dise\u00f1ados para garantizar un buen rendimiento tanto en carreteras pavimentadas a altas velocidades como en caminos de tierra. Son un excelente compromiso para aquellos que viajan principalmente por carretera y autopistas, pero que a veces se encuentran viajando por caminos de tierra. Una resistencia a la rodadura reducida.<\/p>\n<p><strong>Cheng Shin para veh\u00edculos comerciales ligeros<\/strong><\/p>\n<ul>\n<li>Van Master ACT1 All Season<\/li>\n<li>Van Master vr36<\/li>\n<\/ul>\n<p>Los neum\u00e1ticos<strong> \u00abLight Transport\u00bb<\/strong> de Cheng Shin Tire est\u00e1n dise\u00f1ados con el objetivo de reducir el consumo de combustible, garantizar el confort de conducci\u00f3n y la vida \u00fatil de la banda de rodadura sacrificando algo en t\u00e9rminos de rendimiento, no alcanzan los niveles de rendimiento de los neum\u00e1ticos Touring o Performance, sin embargo, son m\u00e1s &#8216; Econ\u00f3micos y adecuados para veh\u00edculos de transporte.<\/p>\n<p><img decoding=\"async\" class=\"aligncenter size-full wp-image-16112 lazyload\" data-src=\"https:\/\/www.muchoneumatico.com\/blog\/wp-content\/uploads\/2023\/01\/rack-with-variety-of-car-tires-in-automobile-store.jpg\" alt=\"Neum\u00e1ticos Cheng Shin\" width=\"2000\" height=\"1325\" src=\"data:image\/svg+xml;base64,PHN2ZyB3aWR0aD0iMSIgaGVpZ2h0PSIxIiB4bWxucz0iaHR0cDovL3d3dy53My5vcmcvMjAwMC9zdmciPjwvc3ZnPg==\" style=\"--smush-placeholder-width: 2000px; --smush-placeholder-aspect-ratio: 2000\/1325;\" \/><\/p>\n","protected":false},"excerpt":{"rendered":"<p>Los neum\u00e1ticos Cheng Shin (Cheng Shin Tire o CST) empezaron a producirse en 1967 en la ciudad de Yuanlin en Taiw\u00e1n. Hoy, Cheng-Shin Rubber Ind. Co., Ltd es la 11\u00aa empresa de caucho m\u00e1s grande del mundo. Cheng-Shin se distingui\u00f3 inicialmente como fabricante de neum\u00e1ticos para bicicletas, que siempre ha sido el principal medio de [&hellip;]<\/p>\n","protected":false},"author":6,"featured_media":16106,"parent":15852,"menu_order":0,"comment_status":"closed","ping_status":"closed","template":"","meta":{"footnotes":""},"class_list":["post-16105","page","type-page","status-publish","has-post-thumbnail","hentry"],"_links":{"self":[{"href":"https:\/\/www.muchoneumatico.com\/blog\/wp-json\/wp\/v2\/pages\/16105","targetHints":{"allow":["GET"]}}],"collection":[{"href":"https:\/\/www.muchoneumatico.com\/blog\/wp-json\/wp\/v2\/pages"}],"about":[{"href":"https:\/\/www.muchoneumatico.com\/blog\/wp-json\/wp\/v2\/types\/page"}],"author":[{"embeddable":true,"href":"https:\/\/www.muchoneumatico.com\/blog\/wp-json\/wp\/v2\/users\/6"}],"replies":[{"embeddable":true,"href":"https:\/\/www.muchoneumatico.com\/blog\/wp-json\/wp\/v2\/comments?post=16105"}],"version-history":[{"count":0,"href":"https:\/\/www.muchoneumatico.com\/blog\/wp-json\/wp\/v2\/pages\/16105\/revisions"}],"up":[{"embeddable":true,"href":"https:\/\/www.muchoneumatico.com\/blog\/wp-json\/wp\/v2\/pages\/15852"}],"wp:featuredmedia":[{"embeddable":true,"href":"https:\/\/www.muchoneumatico.com\/blog\/wp-json\/wp\/v2\/media\/16106"}],"wp:attachment":[{"href":"https:\/\/www.muchoneumatico.com\/blog\/wp-json\/wp\/v2\/media?parent=16105"}],"curies":[{"name":"wp","href":"https:\/\/api.w.org\/{rel}","templated":true}]}}