{"id":16088,"date":"2023-01-25T09:28:52","date_gmt":"2023-01-25T08:28:52","guid":{"rendered":"https:\/\/www.muchoneumatico.com\/blog\/?page_id=16088"},"modified":"2024-11-26T11:44:17","modified_gmt":"2024-11-26T10:44:17","slug":"neumaticos-zenises","status":"publish","type":"page","link":"https:\/\/www.muchoneumatico.com\/blog\/fabricantes\/neumaticos-zenises\/","title":{"rendered":"Neum\u00e1ticos Zenises"},"content":{"rendered":"<p><a title=\"Compra neum\u00e1ticos online\" href=\"https:\/\/www.muchoneumatico.com\/\" target=\"_blank\" rel=\"noopener\"><img decoding=\"async\" style=\"--smush-placeholder-width: 1200px; --smush-placeholder-aspect-ratio: 1200\/309;display: block; margin-left: auto; margin-right: auto;\" data-src=\"https:\/\/www.muchoneumatico.com\/blog\/wp-content\/uploads\/2022\/11\/promo-mucho-largo-home.jpg\" alt=\"Compra neum\u00e1ticos online baratos\" width=\"1200\" height=\"309\" src=\"data:image\/svg+xml;base64,PHN2ZyB3aWR0aD0iMSIgaGVpZ2h0PSIxIiB4bWxucz0iaHR0cDovL3d3dy53My5vcmcvMjAwMC9zdmciPjwvc3ZnPg==\" class=\"lazyload\" \/><\/a><\/p>\n<p>Los <a href=\"https:\/\/www.muchoneumatico.com\/marcas\/zenises\">neum\u00e1ticos Zenises<\/a> fueron presentados, oficialmente, en Alemania durante el evento Reifen 2014 que tuvo lugar en la ciudad de Essen, como todos los a\u00f1os, en mayo. Zenises es una empresa multinacional de neum\u00e1ticos con sede en Londres y Dub\u00e1i, y otras cuatro oficinas en Alemania, Italia, Espa\u00f1a y Australia.<\/p>\n<h2>Neum\u00e1ticos Zenises: historia y de d\u00f3nde son<\/h2>\n<p><strong>Fundada en 2014<\/strong> por el CEO Harjeev Kandhari, un empresario de ruedas de tercera generaci\u00f3n, la compa\u00f1\u00eda dise\u00f1a y produce sus propias marcas de neum\u00e1ticos en asociaci\u00f3n con instalaciones de fabricaci\u00f3n en Asia. El nombre de la organizaci\u00f3n combina las palabras &#8216;<strong>Zen<\/strong>&#8216; y &#8216;<strong>G\u00e9nesis<\/strong>&#8216; para demostrar su filosof\u00eda corporativa reflexiva.<\/p>\n<p>En 2016, Zenises ingres\u00f3 recientemente en el Libro de los Guinness de los r\u00e9cords mundiales al presentar <span style=\"text-decoration: underline;\"><a href=\"https:\/\/www.muchoneumatico.com\/blog\/noticias\/la-joyeria-al-asfalto-asi-los-neumaticos-mas-caros-del-mundo\/\">el neum\u00e1tico m\u00e1s caro del mundo<\/a><\/span> con un precio de <strong>600 000 d\u00f3lares<\/strong> estadounidenses por un juego de cuatro neum\u00e1ticos.<\/p>\n<p>Z Tire dise\u00f1\u00f3 un juego especial de neum\u00e1ticos Z1 que se presentar\u00e1 en Reifen Essen 2016 e ingres\u00f3 en el Libro Guinness de los r\u00e9cords mundiales por producir el juego de neum\u00e1ticos para autom\u00f3viles m\u00e1s caro del mundo, valorado en $ 600,000. El r\u00e9cord fue anunciado por la jueza del Libro Guinness de los R\u00e9cords Mundiales, Sophia Greenacre.<\/p>\n<p>Los neum\u00e1ticos 295\/35 ZR21 107Y XL de la marca Z se produjeron en la f\u00e1brica Sentury Tire en Quindago, provincia de Shandong, China. Fueron dise\u00f1ados en Dubai por el CEO de Zenises, Harjeev Kandhari, decorados con diamantes por joyeros artesanales en Italia antes de ser devueltos a Dubai para la aplicaci\u00f3n de hojas de oro de 24 quilates.<\/p>\n<p><img decoding=\"async\" class=\"aligncenter size-full wp-image-16093 lazyload\" data-src=\"https:\/\/www.muchoneumatico.com\/blog\/wp-content\/uploads\/2023\/01\/Neumaticos-Zenises-2.jpg\" alt=\"Neum\u00e1ticos Zenises\" width=\"2000\" height=\"1333\" src=\"data:image\/svg+xml;base64,PHN2ZyB3aWR0aD0iMSIgaGVpZ2h0PSIxIiB4bWxucz0iaHR0cDovL3d3dy53My5vcmcvMjAwMC9zdmciPjwvc3ZnPg==\" style=\"--smush-placeholder-width: 2000px; --smush-placeholder-aspect-ratio: 2000\/1333;\" \/><\/p>\n<p>Los neum\u00e1ticos se vendieron a un comprador privado y todos los beneficios se donaron a la Fundaci\u00f3n Zenises.<\/p>\n<p>Zenises es el propietario de las marcas europeas de neum\u00e1ticos ZTYRE.COM y T, y distribuye y comercializa muchas otras marcas de neum\u00e1ticos, entre las que se incluyen:<\/p>\n<ul>\n<li>Westlake<\/li>\n<li><span style=\"text-decoration: underline;\"><a href=\"https:\/\/www.muchoneumatico.com\/blog\/fabricantes\/neumaticos-triangle\/\">Triangle<\/a><\/span><\/li>\n<li>iLink<\/li>\n<li>Kapsen<\/li>\n<li>Ardent<\/li>\n<\/ul>\n<p>Presentado en 2014,<strong> Z Tire es la marca privada de neum\u00e1ticos de Zenises<\/strong>. Dise\u00f1ado y producido para autom\u00f3viles de alto rendimiento y accesorios para SUV, Z Tire ahora cuenta con una gama de m\u00e1s de 70 dimensiones y tambi\u00e9n incorpora neum\u00e1ticos con tecnolog\u00eda run-flat.<\/p>\n<p>Los neum\u00e1ticos de Westlake son producidos por Hangzhou Zhongce Rubber Company. En abril de 2015, Zenises anunci\u00f3 el lanzamiento de su nueva distribuci\u00f3n de Westlake en Espa\u00f1a y Portugal, con el objetivo de establecer finalmente 100 puntos de venta de Westlake. Zenises tiene acuerdos de distribuci\u00f3n en exclusiva para la venta de la marca de neum\u00e1ticos de turismo y cami\u00f3n Westlake en varios pa\u00edses europeos.<\/p>\n<p>Zenises comenz\u00f3 a distribuir neum\u00e1ticos Triangle <span style=\"text-decoration: underline;\"><a href=\"https:\/\/www.muchoneumatico.com\/comprar-neumaticos\/neumaticos-camion\">para camiones<\/a><\/span> y autobuses en Alemania a principios de 2016.<\/p>\n<p>En 2015, Zenies comenz\u00f3 a distribuir la marca de neum\u00e1ticos Kapsen en Espa\u00f1a e Italia y acord\u00f3 desarrollar canales para la gama de neum\u00e1ticos para autom\u00f3viles Ardent en toda Europa.<\/p>\n<p>iLink es una nueva marca de neum\u00e1ticos para cami\u00f3n y autob\u00fas distribuida por Zenises.<\/p>\n<p><img decoding=\"async\" class=\"aligncenter size-full wp-image-16094 lazyload\" data-src=\"https:\/\/www.muchoneumatico.com\/blog\/wp-content\/uploads\/2023\/01\/Neumaticos-Zenises-3.jpg\" alt=\"Neum\u00e1ticos Zenises\" width=\"2000\" height=\"1333\" src=\"data:image\/svg+xml;base64,PHN2ZyB3aWR0aD0iMSIgaGVpZ2h0PSIxIiB4bWxucz0iaHR0cDovL3d3dy53My5vcmcvMjAwMC9zdmciPjwvc3ZnPg==\" style=\"--smush-placeholder-width: 2000px; --smush-placeholder-aspect-ratio: 2000\/1333;\" \/><\/p>\n<h2>Zenises y los deportes de motor<\/h2>\n<p>El equipo de <strong>Zenises Motorsport compite en eventos globales de deportes de motor<\/strong>. En 2014, el corredor l\u00edder Steve &#8216;Baggsy&#8217; Biagioni compiti\u00f3 en 24 eventos de competencia con el ACORN Zenises Motorsport Nissan S13. En el mismo a\u00f1o, Baggsy levant\u00f3 el Trofeo de Superfinales Kings of the Kings en el evento en Valletta, Malta.<\/p>\n<p>En 2016, el equipo Zenises Motorsport compite en dos series de carreras: la serie Global Drift Allstars y el British Drift Championship. En enero de 2016, Steve Biagioni gan\u00f3 el evento inaugural en el circuito Yas Marina en Abu Dhabi. Baggsy tambi\u00e9n gan\u00f3 la final Drift All Stars en Hungr\u00eda en agosto.<\/p>\n<p>Zenises tambi\u00e9n patrocin\u00f3 un nuevo auto de rally para 2016, un compacto BMW E36 modificado que competir\u00e1 en Alemania, B\u00e9lgica y Luxemburgo.<\/p>\n<p>Otros conductores en el equipo de ACorn Zenises Motorsport incluyen a Michael Marshall.<\/p>\n<h2>La Fundaci\u00f3n Zenises<\/h2>\n<p><strong>Zenises dona el 10% de todos los beneficios a su propia organizaci\u00f3n ben\u00e9fica<\/strong>, la Fundaci\u00f3n Zenises, para apoyar, alimentar y educar a familias y ni\u00f1os desfavorecidos.<\/p>\n<p>Z Aspire brinda apoyo a ni\u00f1os desfavorecidos a lo largo de su educaci\u00f3n hasta el nivel de maestr\u00eda. Tambi\u00e9n proporciona tres becas para la Universidad de Oxford, as\u00ed como una dotaci\u00f3n para una c\u00e1tedra universitaria en St Peter&#8217;s College.<\/p>\n<p>T OutTreach se ha establecido para identificar y apoyar <strong>buenas causas<\/strong>. La iniciativa trabaja con las comunidades locales e internacionales donde opera Zenises para apoyar y orientar a los estudiantes universitarios.<\/p>\n<p>Westlake Wishes se asegura de que las familias y los ni\u00f1os empobrecidos reciban alimentos nutritivos todos los d\u00edas. La iniciativa proporciona<strong> comidas nutritivas de cuatro platos a 125.000 personas en un solo d\u00eda en la India<\/strong>. En Sud\u00e1frica, proporcion\u00f3 un desayuno nutritivo diario para todos los ni\u00f1os de la Escuela Kiddies&#8217; Paradise en Rosettenville, Johannesburgo.<\/p>\n","protected":false},"excerpt":{"rendered":"<p>Los neum\u00e1ticos Zenises fueron presentados, oficialmente, en Alemania durante el evento Reifen 2014 que tuvo lugar en la ciudad de Essen, como todos los a\u00f1os, en mayo. Zenises es una empresa multinacional de neum\u00e1ticos con sede en Londres y Dub\u00e1i, y otras cuatro oficinas en Alemania, Italia, Espa\u00f1a y Australia. Neum\u00e1ticos Zenises: historia y de [&hellip;]<\/p>\n","protected":false},"author":6,"featured_media":16092,"parent":15852,"menu_order":0,"comment_status":"closed","ping_status":"closed","template":"","meta":{"footnotes":""},"class_list":["post-16088","page","type-page","status-publish","has-post-thumbnail","hentry"],"_links":{"self":[{"href":"https:\/\/www.muchoneumatico.com\/blog\/wp-json\/wp\/v2\/pages\/16088","targetHints":{"allow":["GET"]}}],"collection":[{"href":"https:\/\/www.muchoneumatico.com\/blog\/wp-json\/wp\/v2\/pages"}],"about":[{"href":"https:\/\/www.muchoneumatico.com\/blog\/wp-json\/wp\/v2\/types\/page"}],"author":[{"embeddable":true,"href":"https:\/\/www.muchoneumatico.com\/blog\/wp-json\/wp\/v2\/users\/6"}],"replies":[{"embeddable":true,"href":"https:\/\/www.muchoneumatico.com\/blog\/wp-json\/wp\/v2\/comments?post=16088"}],"version-history":[{"count":0,"href":"https:\/\/www.muchoneumatico.com\/blog\/wp-json\/wp\/v2\/pages\/16088\/revisions"}],"up":[{"embeddable":true,"href":"https:\/\/www.muchoneumatico.com\/blog\/wp-json\/wp\/v2\/pages\/15852"}],"wp:featuredmedia":[{"embeddable":true,"href":"https:\/\/www.muchoneumatico.com\/blog\/wp-json\/wp\/v2\/media\/16092"}],"wp:attachment":[{"href":"https:\/\/www.muchoneumatico.com\/blog\/wp-json\/wp\/v2\/media?parent=16088"}],"curies":[{"name":"wp","href":"https:\/\/api.w.org\/{rel}","templated":true}]}}