{"id":16080,"date":"2023-01-25T09:06:32","date_gmt":"2023-01-25T08:06:32","guid":{"rendered":"https:\/\/www.muchoneumatico.com\/blog\/?page_id=16080"},"modified":"2024-12-02T10:13:15","modified_gmt":"2024-12-02T09:13:15","slug":"neumaticos-minnell","status":"publish","type":"page","link":"https:\/\/www.muchoneumatico.com\/blog\/fabricantes\/neumaticos-minnell\/","title":{"rendered":"Neum\u00e1ticos Minnell"},"content":{"rendered":"<p>Los\u00a0<a href=\"https:\/\/www.muchoneumatico.com\/marcas\/minnell\"><b>neum\u00e1ticos Minnell<\/b><\/a>\u00a0son uno de los mejores representantes de la calidad de producci\u00f3n china.\u00a0Con una de las mejores ofertas del mercado actual, con grandes prestaciones, incre\u00edbles resultados y el mejor precio de la actualidad.<\/p>\n<p>Con los neum\u00e1ticos Minnell, obtendr\u00e1s todas las ventajas de un neum\u00e1tico, seguro, con gran eficiencia y con la mejor relaci\u00f3n de precio-rendimiento-calidad.<\/p>\n<h2>Neum\u00e1ticos Minnell: \u00bfson buenos?<\/h2>\n<p>Los neum\u00e1ticos Minnell, son parte del grupo asi\u00e1tico\u00a0<b>Jichi High Tech<\/b>. Uno de los grupos industriales de mayor presencia en China y el mercado asi\u00e1tico. Con un estupendo sistema de calidad y con una de las mejores valoraciones del cliente.<\/p>\n<p>Los\u00a0<span style=\"text-decoration: underline;\"><a href=\"https:\/\/www.muchoneumatico.com\/comprar-neumaticos\/neumaticos-chinos\">neum\u00e1ticos chinos<\/a><\/span>\u00a0han penetrado con gran eficiencia los mercados mundiales. Sus niveles de calidad superiores a una fracci\u00f3n del precio de compra de los modelos americanos y europeos le garantizan un puesto seguro entre las preferencias de los clientes.<\/p>\n<p>Se han especializado en la producci\u00f3n de\u00a0<span style=\"text-decoration: underline;\"><a href=\"https:\/\/www.muchoneumatico.com\/comprar-neumaticos\/neumaticos-suv-crossover\">neum\u00e1ticos para SUV<\/a><\/span>, todoterreno y turismo. Con gran \u00e9nfasis en la producci\u00f3n especialmente destinada para proveer un m\u00e1ximo confort y una mayor durabilidad.<\/p>\n<p><img decoding=\"async\" class=\"aligncenter size-full wp-image-16083 lazyload\" data-src=\"https:\/\/www.muchoneumatico.com\/blog\/wp-content\/uploads\/2023\/01\/germany-car-at-underground-car-park-detail-of-tire.jpg\" alt=\"Neum\u00e1ticos Minnell\" width=\"2000\" height=\"1333\" src=\"data:image\/svg+xml;base64,PHN2ZyB3aWR0aD0iMSIgaGVpZ2h0PSIxIiB4bWxucz0iaHR0cDovL3d3dy53My5vcmcvMjAwMC9zdmciPjwvc3ZnPg==\" style=\"--smush-placeholder-width: 2000px; --smush-placeholder-aspect-ratio: 2000\/1333;\" \/><\/p>\n<p>Tienen dentro de sus caracter\u00edsticas principales:<\/p>\n<h3>Banda de rodadura asim\u00e9trica<\/h3>\n<ul>\n<li>El dise\u00f1o de la banda de rodadura de manera asim\u00e9trica le permite al neum\u00e1tico tener siempre las mejores condiciones de agarre en suelos mojados o con lluvia.<\/li>\n<li>Este tipo de dise\u00f1o es ideal para favorecer la fricci\u00f3n del neum\u00e1tico y propiciar un mejor agarre, con un mayor coeficiente de seguridad.<\/li>\n<li>Este dise\u00f1o, tambi\u00e9n permite una menor producci\u00f3n de ruido en la superficie, ya que favorece un flujo continuo de aire a trav\u00e9s de la superficie de la banda.<\/li>\n<\/ul>\n<h3>Hombros anchos y reforzados<\/h3>\n<ul>\n<li>Los hombros del neum\u00e1tico se han reforzado con capas extra de goma. Esto permite que la tracci\u00f3n vertical se presente ante cualquier situaci\u00f3n. Es especialmente propicio para mantener la estructura de los flancos del neum\u00e1tico ante las peores condiciones, impactos y salientes de la carretera.<\/li>\n<li>Por otro lado, los hombros m\u00e1s anchos, permiten que el neum\u00e1tico tenga una mayor superficie de agarre lateral, con lo que se favorece la eficiencia y la estabilidad en curvas, deslizamiento por aquaplaning y agarre longitudinal.<\/li>\n<\/ul>\n<h3>Laminillas exteriores e interiores<\/h3>\n<ul>\n<li>Mediante la adici\u00f3n de laminillas exteriores e interiores en la superficie de la banda de rodadura, se garantiza que el aire que circula a trav\u00e9s del neum\u00e1tico tenga un fluido constante y a su vez, que se minimice el ruido percibido en el interior de la cabina.<\/li>\n<li>A trav\u00e9s del empuje del aire hacia el centro del neum\u00e1tico, se produce que las burbujas de aire queden atrapadas en el interior del neum\u00e1tico, apag\u00e1ndose con la rodadura.<\/li>\n<\/ul>\n<h3>Canales m\u00e1s profundos<\/h3>\n<ul>\n<li>Canales de evacuaci\u00f3n m\u00e1s anchos y profundos recorren la superficie del neum\u00e1tico, favoreciendo una mejor evacuaci\u00f3n del agua de la superficie del suelo y con ello un mejor agarre.<\/li>\n<li>La maniobrabilidad en curvas en suelo mojado, agarre en superficies irregulares y la disminuci\u00f3n de la distancia de frenado, se potencia cuando se tienen estos canales de evacuaci\u00f3n m\u00e1s anchos y profundos.<\/li>\n<\/ul>\n<h3>Surcos en Z<\/h3>\n<ul>\n<li>Los surcos en forma de Z, permiten que el agua atrapada transversalmente en la superficie del neum\u00e1tico, se pueda expeler de manera m\u00e1s eficiente y con mejores resultados en el agarre y la fricci\u00f3n.<\/li>\n<li>Esto, sin embargo, no incide en un aumento de la resistencia a la rodadura. Por el contrario, al ofrecer una menor superficie de contacto, la resistencia es menor y el neum\u00e1tico permite ser m\u00e1s rendidor en consumo de combustible.<\/li>\n<\/ul>\n<h3>Materiales de banda de rodadura<\/h3>\n<ul>\n<li>La mezcla de la banda de rodadura con materiales como el caucho natural combinado con \u00f3xido de zinc, cristales de silicio y mallas aceradas, le permite al neum\u00e1tico tener una mayor resistencia.<\/li>\n<li>Estos materiales permiten un desgaste uniforme, una mayor succi\u00f3n en la carretera y un correcto desempe\u00f1o off-road y on-road.<\/li>\n<\/ul>\n<p><img decoding=\"async\" class=\"aligncenter size-full wp-image-16084 lazyload\" data-src=\"https:\/\/www.muchoneumatico.com\/blog\/wp-content\/uploads\/2023\/01\/tires-automobile-and-pickup-truck-tires-.jpg\" alt=\"Neum\u00e1ticos Minnell\" width=\"2000\" height=\"1305\" src=\"data:image\/svg+xml;base64,PHN2ZyB3aWR0aD0iMSIgaGVpZ2h0PSIxIiB4bWxucz0iaHR0cDovL3d3dy53My5vcmcvMjAwMC9zdmciPjwvc3ZnPg==\" style=\"--smush-placeholder-width: 2000px; --smush-placeholder-aspect-ratio: 2000\/1305;\" \/><\/p>\n<h2>Principales modelos de neum\u00e1ticos Minnell<\/h2>\n<p>Los neum\u00e1ticos Minnell, tienen una gran aceptaci\u00f3n, valoraci\u00f3n y calificaciones positivas entre los compradores. Dentro de sus cat\u00e1logos de neum\u00e1ticos m\u00e1s valorados por el p\u00fablico, tenemos:<\/p>\n<h3>Minnell 205\/70tr14 98t Xl Radial P07<\/h3>\n<p>Este neum\u00e1tico, es uno de los m\u00e1s valorados por el p\u00fablico comprador. Dentro de sus mejores ventajas, tenemos:<\/p>\n<ul>\n<li>Tipo de veh\u00edculo: Turismo, deportivos<\/li>\n<li>Estaci\u00f3n: Verano<\/li>\n<li>Clasificaci\u00f3n M+S<\/li>\n<li>Nivel de ruido: 71 dB<\/li>\n<li>Ancho de banda de rodadura: 205 mil\u00edmetros<\/li>\n<li>Perfil: 70%<\/li>\n<li>Construcci\u00f3n: Radial<\/li>\n<li>\u00cdndice de carga: 98 (&gt;750 kg)<\/li>\n<li>\u00cdndice de velocidad: T (&lt;190 km\/h)<\/li>\n<li>Consumo de combustible: B<\/li>\n<li>Eficiencia de agarre y conducci\u00f3n en lluvia y mojado: B<\/li>\n<\/ul>\n<h3>Minnell 215\/35zr18 84w Xl Safy M06<\/h3>\n<ul>\n<li>Uno de sus mejores modelos, con caracter\u00edsticas:<\/li>\n<li>Tipo de veh\u00edculo: Turismo, deportivos<\/li>\n<li>Estaci\u00f3n: Verano<\/li>\n<li>Clasificaci\u00f3n M+S<\/li>\n<li>Nivel de ruido: 71 dB<\/li>\n<li>Ancho de banda de rodadura: 215 mil\u00edmetros<\/li>\n<li>Perfil: 35%<\/li>\n<li>Construcci\u00f3n: Radial<\/li>\n<li>\u00cdndice de carga: 84 (&gt;500 kg)<\/li>\n<li>\u00cdndice de velocidad: W (&lt;270 km\/h)<\/li>\n<li>Consumo de combustible: E<\/li>\n<li>Eficiencia de agarre y conducci\u00f3n en lluvia y mojado: C<\/li>\n<\/ul>\n<p><img decoding=\"async\" class=\"aligncenter size-full wp-image-16085 lazyload\" data-src=\"https:\/\/www.muchoneumatico.com\/blog\/wp-content\/uploads\/2023\/01\/modern-compact-car-tires.jpg\" alt=\"Neum\u00e1ticos Minnell\" width=\"2000\" height=\"1324\" src=\"data:image\/svg+xml;base64,PHN2ZyB3aWR0aD0iMSIgaGVpZ2h0PSIxIiB4bWxucz0iaHR0cDovL3d3dy53My5vcmcvMjAwMC9zdmciPjwvc3ZnPg==\" style=\"--smush-placeholder-width: 2000px; --smush-placeholder-aspect-ratio: 2000\/1324;\" \/><\/p>\n","protected":false},"excerpt":{"rendered":"<p>Los\u00a0neum\u00e1ticos Minnell\u00a0son uno de los mejores representantes de la calidad de producci\u00f3n china.\u00a0Con una de las mejores ofertas del mercado actual, con grandes prestaciones, incre\u00edbles resultados y el mejor precio de la actualidad. Con los neum\u00e1ticos Minnell, obtendr\u00e1s todas las ventajas de un neum\u00e1tico, seguro, con gran eficiencia y con la mejor relaci\u00f3n de precio-rendimiento-calidad. [&hellip;]<\/p>\n","protected":false},"author":6,"featured_media":16082,"parent":15852,"menu_order":0,"comment_status":"closed","ping_status":"closed","template":"","meta":{"footnotes":""},"class_list":["post-16080","page","type-page","status-publish","has-post-thumbnail","hentry"],"_links":{"self":[{"href":"https:\/\/www.muchoneumatico.com\/blog\/wp-json\/wp\/v2\/pages\/16080","targetHints":{"allow":["GET"]}}],"collection":[{"href":"https:\/\/www.muchoneumatico.com\/blog\/wp-json\/wp\/v2\/pages"}],"about":[{"href":"https:\/\/www.muchoneumatico.com\/blog\/wp-json\/wp\/v2\/types\/page"}],"author":[{"embeddable":true,"href":"https:\/\/www.muchoneumatico.com\/blog\/wp-json\/wp\/v2\/users\/6"}],"replies":[{"embeddable":true,"href":"https:\/\/www.muchoneumatico.com\/blog\/wp-json\/wp\/v2\/comments?post=16080"}],"version-history":[{"count":0,"href":"https:\/\/www.muchoneumatico.com\/blog\/wp-json\/wp\/v2\/pages\/16080\/revisions"}],"up":[{"embeddable":true,"href":"https:\/\/www.muchoneumatico.com\/blog\/wp-json\/wp\/v2\/pages\/15852"}],"wp:featuredmedia":[{"embeddable":true,"href":"https:\/\/www.muchoneumatico.com\/blog\/wp-json\/wp\/v2\/media\/16082"}],"wp:attachment":[{"href":"https:\/\/www.muchoneumatico.com\/blog\/wp-json\/wp\/v2\/media?parent=16080"}],"curies":[{"name":"wp","href":"https:\/\/api.w.org\/{rel}","templated":true}]}}