{"id":16072,"date":"2023-01-25T08:42:17","date_gmt":"2023-01-25T07:42:17","guid":{"rendered":"https:\/\/www.muchoneumatico.com\/blog\/?page_id=16072"},"modified":"2024-12-02T10:18:51","modified_gmt":"2024-12-02T09:18:51","slug":"neumaticos-evergreen","status":"publish","type":"page","link":"https:\/\/www.muchoneumatico.com\/blog\/fabricantes\/neumaticos-evergreen\/","title":{"rendered":"Neum\u00e1ticos Evergreen"},"content":{"rendered":"<p>Los neum\u00e1ticos son una de las partes fundamentales de un autom\u00f3vil, y si sus condiciones no son excelentes, o al menos no est\u00e1n en buenas condiciones,<strong> la marcha del veh\u00edculo puede estar sujeta a riesgos considerables<\/strong>. Hay varios modelos de neum\u00e1ticos disponibles en el mercado mundial. En los \u00faltimos a\u00f1os, varios fabricantes de neum\u00e1ticos se han vuelto cada vez m\u00e1s populares y uno de los que est\u00e1 cada vez m\u00e1s en los titulares es el fabricante chino de <a href=\"https:\/\/www.muchoneumatico.com\/marcas\/evergreen\">neum\u00e1ticos Evergreen<\/a>.<\/p>\n<h2>Neum\u00e1ticos Evergreen: historia y caracter\u00edsticas<\/h2>\n<p>Inicialmente, esta gama no fue bien recibida, por lo que muchos automovilistas se alejaron de ellos, incluso antes de saber c\u00f3mo funcionaban, <strong>a pesar del bajo precio que oscila entre 50 y 80 euros cada uno (tambi\u00e9n disponible en los sitios de venta en Internet).<\/strong><\/p>\n<p>El fabricante de autom\u00f3viles chino, que produce una gama completa de estos neum\u00e1ticos Evergreen, es <strong>Jinyu Tire Co<\/strong>., parte del Grupo Shandong Jinyu y fundada en <strong>1995<\/strong>. La empresa comenz\u00f3 a fabricar este modelo, y lo lanz\u00f3 en 2008, para invertir en un futuro mejor. y as\u00ed dar su apoyo a los estudios que realiza la tecnolog\u00eda que opera continuamente pensando en el bienestar ambiental.<\/p>\n<p>Las herramientas y materiales utilizados son, de hecho, <strong>de \u00faltima generaci\u00f3n<\/strong> y muy buenos: tienen la misma calidad que muchas marcas conocidas. Tienes que probarlo para creerlo. Su comercio se extiende por toda China y 70 pa\u00edses diferentes de todo el mundo, y la empresa sigue el ritmo de las nuevas tecnolog\u00edas de I+D.<\/p>\n<h3>Modelos de neum\u00e1ticos Evergreen<\/h3>\n<p>Los modelos fabricados son absolutamente completos: de hecho encontramos <span style=\"text-decoration: underline;\"><a href=\"https:\/\/www.muchoneumatico.com\/comprar-neumaticos\/neumaticos-verano\">neum\u00e1ticos de verano<\/a><\/span> y <span style=\"text-decoration: underline;\"><a href=\"https:\/\/www.muchoneumatico.com\/comprar-neumaticos\/neumaticos-invierno\">de invierno<\/a><\/span>; ruedas para coches todoterrenos <span style=\"text-decoration: underline;\"><a href=\"https:\/\/www.muchoneumatico.com\/comprar-neumaticos\/neumaticos-4x4\">4\u00d74<\/a><\/span> de verano e invierno, a su vez; y finalmente, para veh\u00edculos comerciales y <span style=\"text-decoration: underline;\"><a href=\"https:\/\/www.muchoneumatico.com\/comprar-neumaticos\/neumaticos-furgoneta\">furgonetas<\/a><\/span>.<\/p>\n<p>La gama de neum\u00e1ticos <strong>Evergreen ES86<\/strong> incluye los neum\u00e1ticos con la mayor capa de rendimiento en carreteras secas, pero sin causar ning\u00fan da\u00f1o en asfalto mojado. Consiguen garantizar una extraordinaria conexi\u00f3n con la direcci\u00f3n que garantiza a los deportivos cambios bruscos de direcci\u00f3n, cuando la velocidad es muy alta.<\/p>\n<p>Los neum\u00e1ticos <strong>Evergreen EU72<\/strong> son una combinaci\u00f3n ganadora de rendimiento y durabilidad, y garantizan una mayor vida \u00fatil de la banda de rodadura. De hecho, fueron creados para garantizar un excelente manejo incluso a alta velocidad y, por lo tanto, para garantizar una excelente conducci\u00f3n.<\/p>\n<p>Los <strong>Evergreen Standard Turing<\/strong> garantizan un consumo de combustible reducido y un confort de conducci\u00f3n medio. Las Winter Standard Touring representan la m\u00e1s alta tecnolog\u00eda invernal, con bandas de rodadura laminares y compuestos de s\u00edlice, dise\u00f1adas para las g\u00e9lidas temperaturas invernales. Por \u00faltimo, los neum\u00e1ticos para veh\u00edculos de transporte ligero Evergreen son los m\u00e1s econ\u00f3micos y est\u00e1n destinados a quien busca\u00a0<strong>durabilidad y alto kilometraje<\/strong> a un precio muy conveniente.<\/p>\n<p><img decoding=\"async\" class=\"aligncenter size-full wp-image-16073 lazyload\" data-src=\"https:\/\/www.muchoneumatico.com\/blog\/wp-content\/uploads\/2023\/01\/Coche-con-Neumaticos-Evergreen.jpg\" alt=\"Coche con Neum\u00e1ticos Evergreen\" width=\"2000\" height=\"1281\" src=\"data:image\/svg+xml;base64,PHN2ZyB3aWR0aD0iMSIgaGVpZ2h0PSIxIiB4bWxucz0iaHR0cDovL3d3dy53My5vcmcvMjAwMC9zdmciPjwvc3ZnPg==\" style=\"--smush-placeholder-width: 2000px; --smush-placeholder-aspect-ratio: 2000\/1281;\" \/><\/p>\n","protected":false},"excerpt":{"rendered":"<p>Los neum\u00e1ticos son una de las partes fundamentales de un autom\u00f3vil, y si sus condiciones no son excelentes, o al menos no est\u00e1n en buenas condiciones, la marcha del veh\u00edculo puede estar sujeta a riesgos considerables. Hay varios modelos de neum\u00e1ticos disponibles en el mercado mundial. En los \u00faltimos a\u00f1os, varios fabricantes de neum\u00e1ticos se [&hellip;]<\/p>\n","protected":false},"author":6,"featured_media":16074,"parent":15852,"menu_order":0,"comment_status":"closed","ping_status":"closed","template":"","meta":{"footnotes":""},"class_list":["post-16072","page","type-page","status-publish","has-post-thumbnail","hentry"],"_links":{"self":[{"href":"https:\/\/www.muchoneumatico.com\/blog\/wp-json\/wp\/v2\/pages\/16072","targetHints":{"allow":["GET"]}}],"collection":[{"href":"https:\/\/www.muchoneumatico.com\/blog\/wp-json\/wp\/v2\/pages"}],"about":[{"href":"https:\/\/www.muchoneumatico.com\/blog\/wp-json\/wp\/v2\/types\/page"}],"author":[{"embeddable":true,"href":"https:\/\/www.muchoneumatico.com\/blog\/wp-json\/wp\/v2\/users\/6"}],"replies":[{"embeddable":true,"href":"https:\/\/www.muchoneumatico.com\/blog\/wp-json\/wp\/v2\/comments?post=16072"}],"version-history":[{"count":0,"href":"https:\/\/www.muchoneumatico.com\/blog\/wp-json\/wp\/v2\/pages\/16072\/revisions"}],"up":[{"embeddable":true,"href":"https:\/\/www.muchoneumatico.com\/blog\/wp-json\/wp\/v2\/pages\/15852"}],"wp:featuredmedia":[{"embeddable":true,"href":"https:\/\/www.muchoneumatico.com\/blog\/wp-json\/wp\/v2\/media\/16074"}],"wp:attachment":[{"href":"https:\/\/www.muchoneumatico.com\/blog\/wp-json\/wp\/v2\/media?parent=16072"}],"curies":[{"name":"wp","href":"https:\/\/api.w.org\/{rel}","templated":true}]}}