{"id":16064,"date":"2023-01-24T14:24:51","date_gmt":"2023-01-24T13:24:51","guid":{"rendered":"https:\/\/www.muchoneumatico.com\/blog\/?page_id=16064"},"modified":"2024-12-02T10:40:18","modified_gmt":"2024-12-02T09:40:18","slug":"neumaticos-aptany","status":"publish","type":"page","link":"https:\/\/www.muchoneumatico.com\/blog\/fabricantes\/neumaticos-aptany\/","title":{"rendered":"Neum\u00e1ticos Aptany"},"content":{"rendered":"<p><a href=\"https:\/\/www.muchoneumatico.com\/marcas\/aptany\">Neum\u00e1ticos Aptany<\/a> es una marca china de neum\u00e1ticos <span style=\"text-decoration: underline;\"><a href=\"https:\/\/www.muchoneumatico.com\/comprar-neumaticos\/neumaticos-low-cost\">low cost<\/a><\/span> de propiedad de <span style=\"text-decoration: underline;\"><a href=\"https:\/\/www.muchoneumatico.com\/marcas\/wanli\">Wanli<\/a><\/span>, que tambi\u00e9n comercializa marcas como\u00a0<a href=\"https:\/\/www.muchoneumatico.com\/marcas\/sunny\">Sunny<\/a>\u00a0o Milever. Estas cubiertas se venden en m\u00e1s de 150 pa\u00edses, incluidos Estados Unidos, Reino Unido, Australia, B\u00e9lgica y Pa\u00edses Bajos y est\u00e1n dirigidas a una gran variedad de veh\u00edculos: coches turismo, <span style=\"text-decoration: underline;\"><a href=\"https:\/\/www.muchoneumatico.com\/comprar-neumaticos\/neumaticos-suv-crossover\">SUV<\/a><\/span>, <span style=\"text-decoration: underline;\"><a href=\"https:\/\/www.muchoneumatico.com\/comprar-neumaticos\/neumaticos-4x4\">4&#215;4<\/a><\/span>, furgonetas, camiones y autobuses.<\/p>\n<h2>Neum\u00e1ticos Aptany modelos<\/h2>\n<p class=\"seo_txt_2\">El cat\u00e1logo de los neum\u00e1ticos Aptany es realmente muy amplio. Este fabricante chino ha desarrollado una serie de productos interesantes, para todos los bolsillos, que se pueden dividir en siete segmentos principales: neum\u00e1ticos para SUV y 4&#215;4,\u00a0<a href=\"https:\/\/www.muchoneumatico.com\/comprar-neumaticos\/neumaticos-invierno\">neum\u00e1ticos de invierno<\/a>, Runflat, para furgonetas, Comfort, 4 estaciones y neum\u00e1ticos deportivos.<\/p>\n<p class=\"seo_txt_2\">Dentro de estas categor\u00edas, vamos a mostrarte cu\u00e1les son los neum\u00e1ticos Aptany m\u00e1s interesantes.<\/p>\n<ul>\n<li>Modelos destacados de Aptany<\/li>\n<li>SUV\/4&#215;4: RM105, RU006, RU007, RU028, RU101, RL101<\/li>\n<li>De invierno: RW211, RW312, RW611, RW631, RW103<\/li>\n<li><span style=\"text-decoration: underline;\"><a href=\"https:\/\/www.muchoneumatico.com\/comprar-neumaticos\/runflat-antipinchazos\">Runflat<\/a><\/span>: RA302<\/li>\n<li>Furgonetas: RL106, RL108 Comfort: RP203, RP203A<\/li>\n<li><span style=\"text-decoration: underline;\"><a href=\"https:\/\/www.muchoneumatico.com\/comprar-neumaticos\/neumaticos-4-estaciones\">4 Estaciones<\/a><\/span>: RC501 Sport: RA301, RA603<\/li>\n<\/ul>\n<p class=\"seo_txt_2\">El modelo m\u00e1s vendido actualmente, entre los neum\u00e1ticos para coches turismo es el\u00a0<b>Aptany RP203<\/b>, un tipo de cubierta suave que mejora la comodidad y el agarre en seco. El fabricante afirma que este modelo tiene una durabilidad de 80,000 km.\u00a0En cuanto a rendimiento, el mejor es el Aptany RA301.<\/p>\n<p><img decoding=\"async\" class=\"aligncenter size-full wp-image-16066 lazyload\" data-src=\"https:\/\/www.muchoneumatico.com\/blog\/wp-content\/uploads\/2023\/01\/rack-with-variety-of-car-tires-in-automobile-store-many-black-tires-tire-stack-background.jpg\" alt=\"Neum\u00e1ticos Aptany\" width=\"2000\" height=\"1324\" src=\"data:image\/svg+xml;base64,PHN2ZyB3aWR0aD0iMSIgaGVpZ2h0PSIxIiB4bWxucz0iaHR0cDovL3d3dy53My5vcmcvMjAwMC9zdmciPjwvc3ZnPg==\" style=\"--smush-placeholder-width: 2000px; --smush-placeholder-aspect-ratio: 2000\/1324;\" \/><\/p>\n<h3 class=\"seo_txt_2\">\u00bfDe d\u00f3nde son los neum\u00e1ticos Aptany?<\/h3>\n<p class=\"seo_txt_2\">Aptany es parte de Guangzhou South China Tire and Rubber, una empresa estatal china a gran escala fundada en 1988 y que actualmente emplea a m\u00e1s de 5,000 personas. La f\u00e1brica de Aptany es una de las m\u00e1s modernas del mundo y cuenta con procesos automatizados de fabricaci\u00f3n de neum\u00e1ticos, utilizando solo robots y sensores para fabricar y evaluar la calidad de los neum\u00e1ticos.<\/p>\n<h3 class=\"seo_txt_2\">Caracter\u00edsticas de los neum\u00e1ticos Aptany<\/h3>\n<p class=\"seo_txt_2\">En general, los ingenieros de Aptany, a la hora de dise\u00f1ar y elaborar los compuestos para estos neum\u00e1ticos, se centran en dos aspectos fundamentales: la reducci\u00f3n del ruido y un mejor agarre en mojado. Los Aptany suelen tener unas ranuras internas semicerrada, para aumentar la silenciosidad, y un dise\u00f1o de la banda de rodamiento pensada para expulsar m\u00e1s r\u00e1pidamente el agua y reducir el aquaplaning, manteniendo altos los niveles de confort y manejo.<\/p>\n<h3>\u00bfSon buenos los neum\u00e1ticos Aptany?<\/h3>\n<p>Aptany ofrece una buena relaci\u00f3n entre calidad y precio. Estos neum\u00e1ticos tienen una est\u00e9tica bonita y se fabrican respetando los est\u00e1ndares internacionales. Son una buena elecci\u00f3n si necesitas ahorrar y si recorres pocos kil\u00f3metros al a\u00f1o, conduciendo a velocidad controlada.<\/p>\n<h3>Precios de los Aptany<\/h3>\n<p>Si quieres comprarte unos neum\u00e1ticos Aptany nuevos, su precio es realmente muy interesante. Estamos hablando de\u00a0<a href=\"https:\/\/www.muchoneumatico.com\/comprar-neumaticos\/neumaticos-low-cost\">cubiertas low cost<\/a>\u00a0que podr\u00e1s reemplazar sin gastarte una fortuna. El coste puede variar entre los 20 y 40 euros, seg\u00fan el modelo (o poco m\u00e1s si se trata de un producto para SUV\/4&#215;4 o coches deportivos). En\u00a0<b>MuchoNeumatico.com<\/b>\u00a0encontrar\u00e1s siempre ofertas y descuentos para tus nuevos Aptany.<\/p>\n<p><img decoding=\"async\" class=\"aligncenter size-full wp-image-16067 lazyload\" data-src=\"https:\/\/www.muchoneumatico.com\/blog\/wp-content\/uploads\/2023\/01\/replacing-old-vehicle-tires.jpg\" alt=\"Neum\u00e1ticos Aptany\" width=\"2000\" height=\"1334\" src=\"data:image\/svg+xml;base64,PHN2ZyB3aWR0aD0iMSIgaGVpZ2h0PSIxIiB4bWxucz0iaHR0cDovL3d3dy53My5vcmcvMjAwMC9zdmciPjwvc3ZnPg==\" style=\"--smush-placeholder-width: 2000px; --smush-placeholder-aspect-ratio: 2000\/1334;\" \/><\/p>\n","protected":false},"excerpt":{"rendered":"<p>Neum\u00e1ticos Aptany es una marca china de neum\u00e1ticos low cost de propiedad de Wanli, que tambi\u00e9n comercializa marcas como\u00a0Sunny\u00a0o Milever. Estas cubiertas se venden en m\u00e1s de 150 pa\u00edses, incluidos Estados Unidos, Reino Unido, Australia, B\u00e9lgica y Pa\u00edses Bajos y est\u00e1n dirigidas a una gran variedad de veh\u00edculos: coches turismo, SUV, 4&#215;4, furgonetas, camiones y [&hellip;]<\/p>\n","protected":false},"author":6,"featured_media":16065,"parent":15852,"menu_order":0,"comment_status":"closed","ping_status":"closed","template":"","meta":{"footnotes":""},"class_list":["post-16064","page","type-page","status-publish","has-post-thumbnail","hentry"],"_links":{"self":[{"href":"https:\/\/www.muchoneumatico.com\/blog\/wp-json\/wp\/v2\/pages\/16064","targetHints":{"allow":["GET"]}}],"collection":[{"href":"https:\/\/www.muchoneumatico.com\/blog\/wp-json\/wp\/v2\/pages"}],"about":[{"href":"https:\/\/www.muchoneumatico.com\/blog\/wp-json\/wp\/v2\/types\/page"}],"author":[{"embeddable":true,"href":"https:\/\/www.muchoneumatico.com\/blog\/wp-json\/wp\/v2\/users\/6"}],"replies":[{"embeddable":true,"href":"https:\/\/www.muchoneumatico.com\/blog\/wp-json\/wp\/v2\/comments?post=16064"}],"version-history":[{"count":0,"href":"https:\/\/www.muchoneumatico.com\/blog\/wp-json\/wp\/v2\/pages\/16064\/revisions"}],"up":[{"embeddable":true,"href":"https:\/\/www.muchoneumatico.com\/blog\/wp-json\/wp\/v2\/pages\/15852"}],"wp:featuredmedia":[{"embeddable":true,"href":"https:\/\/www.muchoneumatico.com\/blog\/wp-json\/wp\/v2\/media\/16065"}],"wp:attachment":[{"href":"https:\/\/www.muchoneumatico.com\/blog\/wp-json\/wp\/v2\/media?parent=16064"}],"curies":[{"name":"wp","href":"https:\/\/api.w.org\/{rel}","templated":true}]}}