{"id":16057,"date":"2023-01-24T14:12:29","date_gmt":"2023-01-24T13:12:29","guid":{"rendered":"https:\/\/www.muchoneumatico.com\/blog\/?page_id=16057"},"modified":"2024-11-26T11:00:18","modified_gmt":"2024-11-26T10:00:18","slug":"neumaticos-zeta","status":"publish","type":"page","link":"https:\/\/www.muchoneumatico.com\/blog\/fabricantes\/neumaticos-zeta\/","title":{"rendered":"Neum\u00e1ticos Zeta"},"content":{"rendered":"<p><a title=\"Compra neum\u00e1ticos online\" href=\"https:\/\/www.muchoneumatico.com\/\" target=\"_blank\" rel=\"noopener\"><img decoding=\"async\" style=\"--smush-placeholder-width: 1200px; --smush-placeholder-aspect-ratio: 1200\/309;display: block; margin-left: auto; margin-right: auto;\" data-src=\"https:\/\/www.muchoneumatico.com\/blog\/wp-content\/uploads\/2022\/11\/promo-mucho-largo-home.jpg\" alt=\"Compra neum\u00e1ticos online baratos\" width=\"1200\" height=\"309\" src=\"data:image\/svg+xml;base64,PHN2ZyB3aWR0aD0iMSIgaGVpZ2h0PSIxIiB4bWxucz0iaHR0cDovL3d3dy53My5vcmcvMjAwMC9zdmciPjwvc3ZnPg==\" class=\"lazyload\" \/><\/a><\/p>\n<p>Los <a href=\"https:\/\/www.muchoneumatico.com\/marcas\/zeta\">neum\u00e1ticos Zeta<\/a> son fabricados por el\u00a0<strong>grupo Chino SD international<\/strong>, empresa que inici\u00f3 en el 2002 y desde entonces le ha brindado la mejor calidad a todos los clientes en ventas y post ventas a nivel mundial, cuenta con un servicio de ventas en diferentes portales web que a favorecido el\u00a0<strong>posicionamiento de la marca a nivel global<\/strong>. Tambi\u00e9n esta presente en 9 sucursales regionales como: Estados Unidos, Argentina, Inglaterra, Espa\u00f1a, Emiratos \u00c1rabes Unidos, Rusia, India y China.<\/p>\n<p>Los\u00a0<a href=\"https:\/\/www.muchoneumatico.com\/comprar-neumaticos\/neumaticos-chinos\/\"><u>neum\u00e1ticos Chinos<\/u><\/a>\u00a0son reconocidos por su agarre, durabilidad, la seguridad que brinda a los conductores en las carreteras y una variedad amplia a la hora de escoger los neum\u00e1ticos que m\u00e1s se acomode a su veh\u00edculo. La empresa tiene neum\u00e1ticos para turismo,\u00a0<a href=\"https:\/\/www.muchoneumatico.com\/comprar-neumaticos\/neumaticos-4x4\/\"><u>neum\u00e1ticos para 4&#215;4<\/u><\/a>\u00a0\/ suv, furgonetas o camionetas, todos estos neum\u00e1ticos cuentan con referencias de invierno y verano.<\/p>\n<h2>Modelos de neum\u00e1ticos Zeta<\/h2>\n<p>Los perfiles m\u00e1s vendidos en el mercado son los\u00a0<strong>Antarctica 5<\/strong>\u00a0155\/65 R13 73T referencia de turismo invierno que le garantiza a los clientes, adherencia a la lluvia, carburante ecol\u00f3gico y la densidad requerida para un mejor agarre.<\/p>\n<p>Los<strong>\u00a0neum\u00e1ticos Azura 4&#215;4<\/strong>\u00a0verano 215\/70 R16 100H son ideales para camionetas o suv porque proporcionan m\u00e1s resistencia a los golpes, tiene buena adherencia a la lluvia y comodidad al volante.<\/p>\n<p>As\u00ed mismo los neum\u00e1ticos\u00a0<strong>Zeta ZTR08<\/strong>\u00a0195 R14C 106\/104 R para furgonetas referencia de verano son ideales para cargas pesadas brindando un mayor agarre y durabilidad.<\/p>\n<p>Sin duda estas gomas son \u00fanicas en el mercado y garantizan la estabilidad y resistencia que necesitas para tu carro o camioneta. El grupo SD Internacional es reconocido por su alto nivel en ventas y su relaci\u00f3n con los clientes. Si estas buscando llantas y un buen servicio, costo beneficio, no dudes en comprar esta marca que te dejar\u00e1 satisfecho por su calidad, si lo prefieres tambi\u00e9n puedes optar por otras\u00a0<a href=\"https:\/\/www.muchoneumatico.com\/info\/marcas\/segundas-marcas\">marcas similares<\/a>.<\/p>\n<p><img decoding=\"async\" class=\"aligncenter size-full wp-image-16060 lazyload\" data-src=\"https:\/\/www.muchoneumatico.com\/blog\/wp-content\/uploads\/2023\/01\/modern-car-tire-on-the-road.jpg\" alt=\"Neum\u00e1ticos Zeta\" width=\"2000\" height=\"1333\" src=\"data:image\/svg+xml;base64,PHN2ZyB3aWR0aD0iMSIgaGVpZ2h0PSIxIiB4bWxucz0iaHR0cDovL3d3dy53My5vcmcvMjAwMC9zdmciPjwvc3ZnPg==\" style=\"--smush-placeholder-width: 2000px; --smush-placeholder-aspect-ratio: 2000\/1333;\" \/><\/p>\n","protected":false},"excerpt":{"rendered":"<p>Los neum\u00e1ticos Zeta son fabricados por el\u00a0grupo Chino SD international, empresa que inici\u00f3 en el 2002 y desde entonces le ha brindado la mejor calidad a todos los clientes en ventas y post ventas a nivel mundial, cuenta con un servicio de ventas en diferentes portales web que a favorecido el\u00a0posicionamiento de la marca a [&hellip;]<\/p>\n","protected":false},"author":6,"featured_media":16058,"parent":15852,"menu_order":0,"comment_status":"closed","ping_status":"closed","template":"","meta":{"footnotes":""},"class_list":["post-16057","page","type-page","status-publish","has-post-thumbnail","hentry"],"_links":{"self":[{"href":"https:\/\/www.muchoneumatico.com\/blog\/wp-json\/wp\/v2\/pages\/16057","targetHints":{"allow":["GET"]}}],"collection":[{"href":"https:\/\/www.muchoneumatico.com\/blog\/wp-json\/wp\/v2\/pages"}],"about":[{"href":"https:\/\/www.muchoneumatico.com\/blog\/wp-json\/wp\/v2\/types\/page"}],"author":[{"embeddable":true,"href":"https:\/\/www.muchoneumatico.com\/blog\/wp-json\/wp\/v2\/users\/6"}],"replies":[{"embeddable":true,"href":"https:\/\/www.muchoneumatico.com\/blog\/wp-json\/wp\/v2\/comments?post=16057"}],"version-history":[{"count":0,"href":"https:\/\/www.muchoneumatico.com\/blog\/wp-json\/wp\/v2\/pages\/16057\/revisions"}],"up":[{"embeddable":true,"href":"https:\/\/www.muchoneumatico.com\/blog\/wp-json\/wp\/v2\/pages\/15852"}],"wp:featuredmedia":[{"embeddable":true,"href":"https:\/\/www.muchoneumatico.com\/blog\/wp-json\/wp\/v2\/media\/16058"}],"wp:attachment":[{"href":"https:\/\/www.muchoneumatico.com\/blog\/wp-json\/wp\/v2\/media?parent=16057"}],"curies":[{"name":"wp","href":"https:\/\/api.w.org\/{rel}","templated":true}]}}