{"id":16043,"date":"2023-01-24T14:04:41","date_gmt":"2023-01-24T13:04:41","guid":{"rendered":"https:\/\/www.muchoneumatico.com\/blog\/?page_id=16043"},"modified":"2024-12-02T10:17:25","modified_gmt":"2024-12-02T09:17:25","slug":"neumaticos-giti-tire","status":"publish","type":"page","link":"https:\/\/www.muchoneumatico.com\/blog\/fabricantes\/neumaticos-giti-tire\/","title":{"rendered":"Neum\u00e1ticos Giti Tire"},"content":{"rendered":"<p><a href=\"https:\/\/www.muchoneumatico.com\/marcas\/giti\">Neum\u00e1ticos Giti Tire<\/a>\u00a0es una empresa de neum\u00e1ticos con sede en Singapur y distribuci\u00f3n a un mercado de m\u00e1s de 130 pa\u00edses. En 2022, Giti se convirti\u00f3 en el\u00a0<strong>d\u00e9cimo fabricante del mundo<\/strong>\u00a0por n\u00famero de ventas globales, alcanzando niveles similares a los de marcas intermedias como\u00a0<a href=\"https:\/\/www.muchoneumatico.com\/marcas\/yokohama\">Yokohama<\/a>\u00a0o\u00a0<a href=\"https:\/\/www.muchoneumatico.com\/marcas\/toyo\">Toyo Tires<\/a>.<\/p>\n<p><strong>Las ra\u00edces de Giti Tire se remontan a 1951<\/strong>, con la fabricaci\u00f3n de neum\u00e1ticos para bicicletas en Indonesia. La empresa ingres\u00f3 a China en 1993, pero s\u00f3lamente en 1998 Giti se expand\u00edo a nivel internacional, abriendo oficinas y centros de distribuci\u00f3n en todo el mundo.<\/p>\n<p>Giti Tire <strong>patrocina muchos eventos y pilotos de deportes de motor<\/strong>\u00a0bajo las marcas Giti y\u00a0<a href=\"https:\/\/www.muchoneumatico.com\/marcas\/gt-radial\">GT Radial<\/a>, incluido el Campeonato Asi\u00e1tico de F\u00f3rmula 3.<\/p>\n<h2>Historia de Giti Tire<\/h2>\n<p><strong>Las ra\u00edces de Giti Tire se remontan a 1951<\/strong>, comenzando con la fabricaci\u00f3n de neum\u00e1ticos y c\u00e1maras de aire para bicicletas en Indonesia, y luego produciendo neum\u00e1ticos diagonales para veh\u00edculos comerciales y de pasajeros. La empresa ingres\u00f3 a China en 1993 y estableci\u00f3 una empresa conjunta con Anhui Tire Factory, un tercero independiente para la producci\u00f3n de neum\u00e1ticos diagonales.<\/p>\n<p>En 1998, Giti estableci\u00f3 centros de distribuci\u00f3n y ventas propios en varios lugares, completando las instalaciones de fabricaci\u00f3n en Fujian dos a\u00f1os m\u00e1s tarde para dar servicio a la producci\u00f3n de llantas para autom\u00f3viles de pasajeros (PCR) nuevas. Desde entonces, la empresa se ha expandido a\u00fan m\u00e1s a nivel internacional, abriendo oficinas y centros de distribuci\u00f3n en todo el mundo.<\/p>\n<p><img decoding=\"async\" class=\"aligncenter size-full wp-image-16046 lazyload\" data-src=\"https:\/\/www.muchoneumatico.com\/blog\/wp-content\/uploads\/2023\/01\/bearded-car-mechanic-in-uniform-changing-car-tire-in-car-service.jpg\" alt=\"Neum\u00e1ticos Giti Tire\" width=\"2000\" height=\"1335\" src=\"data:image\/svg+xml;base64,PHN2ZyB3aWR0aD0iMSIgaGVpZ2h0PSIxIiB4bWxucz0iaHR0cDovL3d3dy53My5vcmcvMjAwMC9zdmciPjwvc3ZnPg==\" style=\"--smush-placeholder-width: 2000px; --smush-placeholder-aspect-ratio: 2000\/1335;\" \/><\/p>\n<h3>Las marcas de Giti Tire<\/h3>\n<p>Giti Tire fabrica una variedad de marcas de llantas para autom\u00f3viles de pasajeros, camiones\/autobuses y todoterreno para los mercados globales, que incluyen <strong>Giti, GT Radial, Primewell, Runway y Dextero.<\/strong><\/p>\n<h3>Giti Tire en los deportes de motor<\/h3>\n<p>Giti patrocina eventos y pilotos de <span style=\"text-decoration: underline;\"><a href=\"https:\/\/www.muchoneumatico.com\/blog\/competicion\/marcas-neumaticos-deportes-motor\/\">deportes de motor<\/a><\/span> bajo las marcas Giti y GT Radial. Entre estos se incluyen ser el patrocinador de neum\u00e1ticos para muchos eventos de automovilismo en Asia y Europa, incluido el Campeonato Asi\u00e1tico de F3.<\/p>\n<p>En 2017, Giti Tire debut\u00f3 en la carrera de <strong>24 horas de N\u00fcrburgring<\/strong> en Alemania, clasific\u00e1ndose en primer lugar en la clase SP8 y en segundo lugar en su clase despu\u00e9s de un problema mec\u00e1nico en la transmisi\u00f3n en la \u00faltima carrera. En 2019, la compa\u00f1\u00eda logr\u00f3 su mejor desempe\u00f1o hasta el momento, con un primer y segundo lugar en la clase SP8 en las 24 Horas de N\u00fcrburgring. Adem\u00e1s, su equipo &#8216;Giti&#8217;s Angels&#8217; de<strong> pilotos, t\u00e9cnicos y entrenadores exclusivamente femeninos<\/strong> logr\u00f3 un resultado de primera clase en su grupo en la carrera final de VLN en 2019.<\/p>\n<p>En el Reino Unido, Giti es el neum\u00e1tico oficial de la <strong>VW Beetle Fun Cup<\/strong>, que utiliza neum\u00e1ticos GitiCompete GTR1. GT Radial es un proveedor de neum\u00e1ticos para competidores de derrape como Chris Forsberg (F\u00f3rmula D; desde 2021), Benjamin Bourdet (campe\u00f3n de Europa) y el equipo alem\u00e1n de derrape. En los Estados Unidos, Giti ha patrocinado al japon\u00e9s Nobuhiro Tajima en el Pikes Peak International Hill Climb Championship, el ganador de 2013 en la divisi\u00f3n Electric Auto.<\/p>\n<p><img decoding=\"async\" class=\"aligncenter size-full wp-image-16047 lazyload\" data-src=\"https:\/\/www.muchoneumatico.com\/blog\/wp-content\/uploads\/2023\/01\/the-headlights-and-the-hood-of-a-new-luxury-car.jpg\" alt=\"Neum\u00e1ticos Giti Tire\" width=\"2000\" height=\"1335\" src=\"data:image\/svg+xml;base64,PHN2ZyB3aWR0aD0iMSIgaGVpZ2h0PSIxIiB4bWxucz0iaHR0cDovL3d3dy53My5vcmcvMjAwMC9zdmciPjwvc3ZnPg==\" style=\"--smush-placeholder-width: 2000px; --smush-placeholder-aspect-ratio: 2000\/1335;\" \/><\/p>\n","protected":false},"excerpt":{"rendered":"<p>Neum\u00e1ticos Giti Tire\u00a0es una empresa de neum\u00e1ticos con sede en Singapur y distribuci\u00f3n a un mercado de m\u00e1s de 130 pa\u00edses. En 2022, Giti se convirti\u00f3 en el\u00a0d\u00e9cimo fabricante del mundo\u00a0por n\u00famero de ventas globales, alcanzando niveles similares a los de marcas intermedias como\u00a0Yokohama\u00a0o\u00a0Toyo Tires. Las ra\u00edces de Giti Tire se remontan a 1951, con [&hellip;]<\/p>\n","protected":false},"author":6,"featured_media":16044,"parent":15852,"menu_order":0,"comment_status":"closed","ping_status":"closed","template":"","meta":{"footnotes":""},"class_list":["post-16043","page","type-page","status-publish","has-post-thumbnail","hentry"],"_links":{"self":[{"href":"https:\/\/www.muchoneumatico.com\/blog\/wp-json\/wp\/v2\/pages\/16043","targetHints":{"allow":["GET"]}}],"collection":[{"href":"https:\/\/www.muchoneumatico.com\/blog\/wp-json\/wp\/v2\/pages"}],"about":[{"href":"https:\/\/www.muchoneumatico.com\/blog\/wp-json\/wp\/v2\/types\/page"}],"author":[{"embeddable":true,"href":"https:\/\/www.muchoneumatico.com\/blog\/wp-json\/wp\/v2\/users\/6"}],"replies":[{"embeddable":true,"href":"https:\/\/www.muchoneumatico.com\/blog\/wp-json\/wp\/v2\/comments?post=16043"}],"version-history":[{"count":0,"href":"https:\/\/www.muchoneumatico.com\/blog\/wp-json\/wp\/v2\/pages\/16043\/revisions"}],"up":[{"embeddable":true,"href":"https:\/\/www.muchoneumatico.com\/blog\/wp-json\/wp\/v2\/pages\/15852"}],"wp:featuredmedia":[{"embeddable":true,"href":"https:\/\/www.muchoneumatico.com\/blog\/wp-json\/wp\/v2\/media\/16044"}],"wp:attachment":[{"href":"https:\/\/www.muchoneumatico.com\/blog\/wp-json\/wp\/v2\/media?parent=16043"}],"curies":[{"name":"wp","href":"https:\/\/api.w.org\/{rel}","templated":true}]}}