{"id":16029,"date":"2023-01-24T13:42:19","date_gmt":"2023-01-24T12:42:19","guid":{"rendered":"https:\/\/www.muchoneumatico.com\/blog\/?page_id=16029"},"modified":"2024-12-02T10:19:46","modified_gmt":"2024-12-02T09:19:46","slug":"neumaticos-compasal","status":"publish","type":"page","link":"https:\/\/www.muchoneumatico.com\/blog\/fabricantes\/neumaticos-compasal\/","title":{"rendered":"Neum\u00e1ticos Compasal"},"content":{"rendered":"<p>Es sabido que cuando hablamos de neum\u00e1ticos, hablamos de una de las piezas fundamentales de cualquier veh\u00edculo. Adem\u00e1s, con una buena elecci\u00f3n, nos estaremos garantizando m\u00e1xima seguridad en carretera. Los <a href=\"https:\/\/www.muchoneumatico.com\/marcas\/compasal\">neum\u00e1ticos Compasal<\/a> se encarga del dise\u00f1o de neum\u00e1ticos de todo tipo. Es una de las mayores marcas de neum\u00e1ticos manufacturados en China,\u00a0ofreciendo m\u00e1xima calidad a precios competitivos.<\/p>\n<h2>Modelos de la marca Compasal<\/h2>\n<p><a href=\"https:\/\/www.muchoneumatico.com\/comprar-neumaticos\/neumaticos-suv-crossover\"><u>Neum\u00e1ticos SUV<\/u><\/a>, VAN, A\/T, M\/T, UHP, de coches de pasajeros, de verano, de invierno, de remolque, cuatro\u00a0temporadas, de camiones&#8230; Las opciones para\u00a0elegir son bastante variadas, por lo que cualquier usuario que est\u00e9 buscando gomas de calidad a buen precio podr\u00e1 encontrar las que m\u00e1s se ajusten a sus necesidades, sin importar el tipo de veh\u00edculo del que se trate.<\/p>\n<p><img decoding=\"async\" class=\"aligncenter size-full wp-image-16031 lazyload\" data-src=\"https:\/\/www.muchoneumatico.com\/blog\/wp-content\/uploads\/2023\/01\/car-wheel-standing-on-tire-fitting-machine.jpg\" alt=\"Neum\u00e1ticos Compasal\" width=\"2000\" height=\"1335\" src=\"data:image\/svg+xml;base64,PHN2ZyB3aWR0aD0iMSIgaGVpZ2h0PSIxIiB4bWxucz0iaHR0cDovL3d3dy53My5vcmcvMjAwMC9zdmciPjwvc3ZnPg==\" style=\"--smush-placeholder-width: 2000px; --smush-placeholder-aspect-ratio: 2000\/1335;\" \/><\/p>\n<h2>Compasal: buena relaci\u00f3n calidad\/precio<\/h2>\n<p>Hablamos de\u00a0una de las m\u00e1s importantes\u00a0<a href=\"https:\/\/www.muchoneumatico.com\/comprar-neumaticos\/neumaticos-chinos\"><u>marcas de neum\u00e1ticos\u00a0chinos<\/u><\/a>. Cuenta, para su\u00a0desempe\u00f1o,\u00a0con un total de 750.000 metros cuadrados, tres\u00a0talleres y seis almacenes, as\u00ed como con equipos de primera categor\u00eda y distintos est\u00e1ndares de calidad aprobados. Esta marca de neum\u00e1ticos baratos est\u00e1\u00a0especializada en la fabricaci\u00f3n y en el suministro de todo tipo de ruedas\u00a0radiales.\u00a0Adem\u00e1s, incluye\u00a0los neum\u00e1ticos para camiones y autobuses. Tanto la producci\u00f3n anual\u00a0como la inversi\u00f3n asciende a millones de euros.<\/p>\n<h2>Opiniones y precios<\/h2>\n<p>Los usuarios destacan el\u00a0<strong>precio\u00a0<\/strong>de estos neum\u00e1ticos como una de sus m\u00e1ximas, siendo realmente accesibles a cualquier bolsillo. De esta manera, podemos decir que para los usuarios es una marca econ\u00f3mica y es ese uno de sus puntos fuertes, sin lugar a dudas.<\/p>\n<h2>Neum\u00e1ticos baratos<\/h2>\n<p>Aunque hemos dicho en varias ocasiones que el precio de estos neum\u00e1ticos es realmente competitivo, no hemos hablado de cifras ni cantidades exactas. As\u00ed pues, para terminar, podemos afirmar que en la marca\u00a0<strong>Compasal\u00a0<\/strong>ponen a disposici\u00f3n de sus\u00a0usuarios sus\u00a0ruedas desde solo algo m\u00e1s de 20 euros.<\/p>\n<p><img decoding=\"async\" class=\"aligncenter size-full wp-image-16032 lazyload\" data-src=\"https:\/\/www.muchoneumatico.com\/blog\/wp-content\/uploads\/2023\/01\/with-tire-in-hands-man-in-uniform-is-working-in-the-autosalon-at-daytime.jpg\" alt=\"Neum\u00e1ticos Compasal\" width=\"2000\" height=\"1333\" src=\"data:image\/svg+xml;base64,PHN2ZyB3aWR0aD0iMSIgaGVpZ2h0PSIxIiB4bWxucz0iaHR0cDovL3d3dy53My5vcmcvMjAwMC9zdmciPjwvc3ZnPg==\" style=\"--smush-placeholder-width: 2000px; --smush-placeholder-aspect-ratio: 2000\/1333;\" \/><\/p>\n","protected":false},"excerpt":{"rendered":"<p>Es sabido que cuando hablamos de neum\u00e1ticos, hablamos de una de las piezas fundamentales de cualquier veh\u00edculo. Adem\u00e1s, con una buena elecci\u00f3n, nos estaremos garantizando m\u00e1xima seguridad en carretera. Los neum\u00e1ticos Compasal se encarga del dise\u00f1o de neum\u00e1ticos de todo tipo. Es una de las mayores marcas de neum\u00e1ticos manufacturados en China,\u00a0ofreciendo m\u00e1xima calidad a [&hellip;]<\/p>\n","protected":false},"author":6,"featured_media":16030,"parent":15852,"menu_order":0,"comment_status":"closed","ping_status":"closed","template":"","meta":{"footnotes":""},"class_list":["post-16029","page","type-page","status-publish","has-post-thumbnail","hentry"],"_links":{"self":[{"href":"https:\/\/www.muchoneumatico.com\/blog\/wp-json\/wp\/v2\/pages\/16029","targetHints":{"allow":["GET"]}}],"collection":[{"href":"https:\/\/www.muchoneumatico.com\/blog\/wp-json\/wp\/v2\/pages"}],"about":[{"href":"https:\/\/www.muchoneumatico.com\/blog\/wp-json\/wp\/v2\/types\/page"}],"author":[{"embeddable":true,"href":"https:\/\/www.muchoneumatico.com\/blog\/wp-json\/wp\/v2\/users\/6"}],"replies":[{"embeddable":true,"href":"https:\/\/www.muchoneumatico.com\/blog\/wp-json\/wp\/v2\/comments?post=16029"}],"version-history":[{"count":0,"href":"https:\/\/www.muchoneumatico.com\/blog\/wp-json\/wp\/v2\/pages\/16029\/revisions"}],"up":[{"embeddable":true,"href":"https:\/\/www.muchoneumatico.com\/blog\/wp-json\/wp\/v2\/pages\/15852"}],"wp:featuredmedia":[{"embeddable":true,"href":"https:\/\/www.muchoneumatico.com\/blog\/wp-json\/wp\/v2\/media\/16030"}],"wp:attachment":[{"href":"https:\/\/www.muchoneumatico.com\/blog\/wp-json\/wp\/v2\/media?parent=16029"}],"curies":[{"name":"wp","href":"https:\/\/api.w.org\/{rel}","templated":true}]}}