{"id":16014,"date":"2023-01-24T13:33:04","date_gmt":"2023-01-24T12:33:04","guid":{"rendered":"https:\/\/www.muchoneumatico.com\/blog\/?page_id=16014"},"modified":"2024-12-02T10:11:17","modified_gmt":"2024-12-02T09:11:17","slug":"neumaticos-starmaxx","status":"publish","type":"page","link":"https:\/\/www.muchoneumatico.com\/blog\/fabricantes\/neumaticos-starmaxx\/","title":{"rendered":"Neum\u00e1ticos StarMaxx"},"content":{"rendered":"<p>Los\u00a0<a href=\"https:\/\/www.muchoneumatico.com\/marcas\/starmaxx\"><strong>neum\u00e1ticos Starmaxx<\/strong><\/a> son neum\u00e1ticos chinos que est\u00e1n dise\u00f1ados para poder satisfacer todas las necesidades del cliente. Son productos innovadores, de alta calidad y de m\u00e1ximo desempe\u00f1o, se encuentran disponibles en una variedad de medidas que se ajustan precisamente a los requerimientos de cada cliente espec\u00edfico.<\/p>\n<p>La marca Starmaxx manufactura\u00a0neum\u00e1ticos de excelente calidad\u00a0que se caracterizan por ser <strong>durables, resistentes y funcionales<\/strong>. Esta empresa siempre emplea la mejora continua en sus procesos productivos, con la misi\u00f3n especializada de ofrecer un producto terminado que se ajuste debidamente a las necesidades de transportaci\u00f3n y de utilizaci\u00f3n industrial o <span style=\"text-decoration: underline;\"><a href=\"https:\/\/www.muchoneumatico.com\/comprar-neumaticos\/neumaticos-camion\">neum\u00e1ticos de cami\u00f3n<\/a><\/span>.<\/p>\n<h2>Ventajas de los neum\u00e1ticos StarMaxx<\/h2>\n<p><img decoding=\"async\" class=\"aligncenter size-full wp-image-16017 lazyload\" data-src=\"https:\/\/www.muchoneumatico.com\/blog\/wp-content\/uploads\/2023\/01\/replacement-of-the-old-tire-man-in-uniform-is-working-in-the-auto-service.jpg\" alt=\"Neum\u00e1ticos StarMaxx\" width=\"2000\" height=\"1333\" src=\"data:image\/svg+xml;base64,PHN2ZyB3aWR0aD0iMSIgaGVpZ2h0PSIxIiB4bWxucz0iaHR0cDovL3d3dy53My5vcmcvMjAwMC9zdmciPjwvc3ZnPg==\" style=\"--smush-placeholder-width: 2000px; --smush-placeholder-aspect-ratio: 2000\/1333;\" \/><\/p>\n<p>Entre las principales ventajas de los neum\u00e1ticos Starmaxx est\u00e1n las siguientes:<\/p>\n<p><strong>1. Cuentan con un precio asequible<\/strong><\/p>\n<p>Es una excelente ventaja competitiva de este producto exitoso. Son neum\u00e1ticos de calidad internacional acreditada, siempre los puedes adquirir a un precio econ\u00f3mico que se adapta a tu presupuesto. La compra de estos neum\u00e1ticos garantiza una excelente inversi\u00f3n y <strong>un eficiente ahorro de dinero<\/strong>.<\/p>\n<p><strong>2. Disponen de calidad comprobada<\/strong><\/p>\n<p>Los clientes est\u00e1n satisfechos con el alto rendimiento con que cuentan estos neum\u00e1ticos. Son productos elaborados <strong>con materias primas seleccionadas<\/strong>, resistentes y duraderas.<\/p>\n<p><strong>3. Brindan comodidad y seguridad\u00a0<\/strong><\/p>\n<p>Todos los neum\u00e1ticos de la marca Starmaxx ofrecen comodidad y confianza al cliente al momento de transportarse en su veh\u00edculo de uso personal, o al utilizar veh\u00edculos destinados a la producci\u00f3n industrial.<\/p>\n<p><strong>4. Est\u00e1n fabricados con precisi\u00f3n para ofrecer un excelente ahorro de combustible<\/strong><\/p>\n<p>Los neum\u00e1ticos Starmaxx siempre mantienen un avanzado desempe\u00f1o para el ahorro especial de <span style=\"text-decoration: underline;\"><a href=\"https:\/\/www.muchoneumatico.com\/blog\/consejos\/truco-neumaticos-ahorrar-gasolina\/\">combustible<\/a><\/span>, asimismo, brindan la debida protecci\u00f3n que tus veh\u00edculos necesitan.<\/p>\n<h3>Opiniones sobre los neum\u00e1ticos StarMaxx<\/h3>\n<p>La reconocida y prestigiosa marca Starmaxx siempre se mantiene a la vanguardia de la innovaci\u00f3n y de la utilizaci\u00f3n de la nueva tecnolog\u00eda, continuamente ejerce el fiel e innovador prop\u00f3sito de ofrecerte neum\u00e1ticos de alta calidad y resistencia, que sobresalen gracias a su funcionalidad, precisi\u00f3n y <span style=\"text-decoration: underline;\"><a href=\"https:\/\/www.muchoneumatico.com\/blog\/noticias\/neumaticos-duran-mas-sensor\/\">durabilidad<\/a><\/span> acreditada.<\/p>\n<p><img decoding=\"async\" class=\"aligncenter size-full wp-image-16018 lazyload\" data-src=\"https:\/\/www.muchoneumatico.com\/blog\/wp-content\/uploads\/2023\/01\/car-tyre-1.jpg\" alt=\"Neum\u00e1ticos StarMaxx\" width=\"2000\" height=\"1333\" src=\"data:image\/svg+xml;base64,PHN2ZyB3aWR0aD0iMSIgaGVpZ2h0PSIxIiB4bWxucz0iaHR0cDovL3d3dy53My5vcmcvMjAwMC9zdmciPjwvc3ZnPg==\" style=\"--smush-placeholder-width: 2000px; --smush-placeholder-aspect-ratio: 2000\/1333;\" \/><\/p>\n","protected":false},"excerpt":{"rendered":"<p>Los\u00a0neum\u00e1ticos Starmaxx son neum\u00e1ticos chinos que est\u00e1n dise\u00f1ados para poder satisfacer todas las necesidades del cliente. Son productos innovadores, de alta calidad y de m\u00e1ximo desempe\u00f1o, se encuentran disponibles en una variedad de medidas que se ajustan precisamente a los requerimientos de cada cliente espec\u00edfico. La marca Starmaxx manufactura\u00a0neum\u00e1ticos de excelente calidad\u00a0que se caracterizan por [&hellip;]<\/p>\n","protected":false},"author":6,"featured_media":16016,"parent":15852,"menu_order":0,"comment_status":"closed","ping_status":"closed","template":"","meta":{"footnotes":""},"class_list":["post-16014","page","type-page","status-publish","has-post-thumbnail","hentry"],"_links":{"self":[{"href":"https:\/\/www.muchoneumatico.com\/blog\/wp-json\/wp\/v2\/pages\/16014","targetHints":{"allow":["GET"]}}],"collection":[{"href":"https:\/\/www.muchoneumatico.com\/blog\/wp-json\/wp\/v2\/pages"}],"about":[{"href":"https:\/\/www.muchoneumatico.com\/blog\/wp-json\/wp\/v2\/types\/page"}],"author":[{"embeddable":true,"href":"https:\/\/www.muchoneumatico.com\/blog\/wp-json\/wp\/v2\/users\/6"}],"replies":[{"embeddable":true,"href":"https:\/\/www.muchoneumatico.com\/blog\/wp-json\/wp\/v2\/comments?post=16014"}],"version-history":[{"count":0,"href":"https:\/\/www.muchoneumatico.com\/blog\/wp-json\/wp\/v2\/pages\/16014\/revisions"}],"up":[{"embeddable":true,"href":"https:\/\/www.muchoneumatico.com\/blog\/wp-json\/wp\/v2\/pages\/15852"}],"wp:featuredmedia":[{"embeddable":true,"href":"https:\/\/www.muchoneumatico.com\/blog\/wp-json\/wp\/v2\/media\/16016"}],"wp:attachment":[{"href":"https:\/\/www.muchoneumatico.com\/blog\/wp-json\/wp\/v2\/media?parent=16014"}],"curies":[{"name":"wp","href":"https:\/\/api.w.org\/{rel}","templated":true}]}}