{"id":15998,"date":"2023-01-24T13:07:21","date_gmt":"2023-01-24T12:07:21","guid":{"rendered":"https:\/\/www.muchoneumatico.com\/blog\/?page_id=15998"},"modified":"2024-12-02T10:09:25","modified_gmt":"2024-12-02T09:09:25","slug":"neumaticos-westlake","status":"publish","type":"page","link":"https:\/\/www.muchoneumatico.com\/blog\/fabricantes\/neumaticos-westlake\/","title":{"rendered":"Neum\u00e1ticos Westlake"},"content":{"rendered":"<p>Los\u00a0<a href=\"https:\/\/www.muchoneumatico.com\/marcas\/westlake\">Neum\u00e1ticos Westlake<\/a> son neum\u00e1ticos chinos cuentan con todas las homologaciones que har\u00e1n que no tengas ning\u00fan problema con la conducci\u00f3n de tu coche y tambi\u00e9n te da la tranquilidad de tener todos los requisitos que se piden a nivel de seguridad europea. Esto \u00faltimo hace que esas ruedas puedan ser usadas en cualquier parte del mundo.<\/p>\n<h2>Compra Neum\u00e1ticos Westlake online<\/h2>\n<p>La rodadura de las ruedas es muy baja, porque el coche ir\u00e1 mucho m\u00e1s ligero y t\u00fa podr\u00e1s ahorrar gracias a eso una cantidad de gasolina superior.\u00a0En viajes largos Westlake es la mejor opci\u00f3n, haciendo que puedas disfrutar de un ruido casi nulo tanto dentro como fuera del coche.<\/p>\n<p>Westlake ha dise\u00f1ado sus gomas en dos l\u00edneas diferentes, la primera te ayuda a conducir con una mayor seguridad en invierno, ya que est\u00e1n dise\u00f1ados para la temporada de lluvias y previstos para moverse sobre barro, nieve o charcos de agua, evitando que el coche pierda su estabilidad. La\u00a0<span style=\"text-decoration: underline;\"><a href=\"https:\/\/www.muchoneumatico.com\/comprar-neumaticos\/neumaticos-verano\">l\u00ednea de verano<\/a><\/span>\u00a0est\u00e1 pensada para que la frenada sea r\u00e1pida y muy segura.<\/p>\n<p><strong>Neum\u00e1ticos Westlake<\/strong>\u00a0cuenta con varios reconocimientos del Departamento de Transporte de Estados Unidos (DOT) y la Comisi\u00f3n Econ\u00f3mica Europea (ECE).<\/p>\n<p>Si quieres unas buenas ruedas con una larga\u00a0<span style=\"text-decoration: underline;\"><a href=\"https:\/\/www.muchoneumatico.com\/comprar-neumaticos\/neumaticos-verano\">vida \u00fatil<\/a><\/span>\u00a0y con un precio favorable hacia el comprador, la mejor opci\u00f3n es\u00a0<strong>Westlake neum\u00e1ticos.<\/strong><\/p>\n<p><strong>Neum\u00e1ticos Westlake<\/strong>\u00a0est\u00e1 en el mercado desde 1958 y se ha conseguido colocar como una de la marca de neum\u00e1ticos m\u00e1s grande del mercado en muchos pa\u00edses.\u00a0 Esta marca, que no lleva mucho tiempo en el mercado, ya ha conseguido demostrar que nos trae Westlake\u00a0 que nos aportan todo lo que esperamos de unas buenas ruedas pero a unos precios m\u00e1s que razonables.<\/p>\n<p><img decoding=\"async\" class=\"aligncenter size-full wp-image-16000 lazyload\" data-src=\"https:\/\/www.muchoneumatico.com\/blog\/wp-content\/uploads\/2023\/01\/La-fabrica-de-Neumaticos-Westlake.jpg\" alt=\"La fabrica de Neum\u00e1ticos Westlake\" width=\"2000\" height=\"1333\" src=\"data:image\/svg+xml;base64,PHN2ZyB3aWR0aD0iMSIgaGVpZ2h0PSIxIiB4bWxucz0iaHR0cDovL3d3dy53My5vcmcvMjAwMC9zdmciPjwvc3ZnPg==\" style=\"--smush-placeholder-width: 2000px; --smush-placeholder-aspect-ratio: 2000\/1333;\" \/><\/p>\n","protected":false},"excerpt":{"rendered":"<p>Los\u00a0Neum\u00e1ticos Westlake son neum\u00e1ticos chinos cuentan con todas las homologaciones que har\u00e1n que no tengas ning\u00fan problema con la conducci\u00f3n de tu coche y tambi\u00e9n te da la tranquilidad de tener todos los requisitos que se piden a nivel de seguridad europea. Esto \u00faltimo hace que esas ruedas puedan ser usadas en cualquier parte del [&hellip;]<\/p>\n","protected":false},"author":6,"featured_media":15999,"parent":15852,"menu_order":0,"comment_status":"closed","ping_status":"closed","template":"","meta":{"footnotes":""},"class_list":["post-15998","page","type-page","status-publish","has-post-thumbnail","hentry"],"_links":{"self":[{"href":"https:\/\/www.muchoneumatico.com\/blog\/wp-json\/wp\/v2\/pages\/15998","targetHints":{"allow":["GET"]}}],"collection":[{"href":"https:\/\/www.muchoneumatico.com\/blog\/wp-json\/wp\/v2\/pages"}],"about":[{"href":"https:\/\/www.muchoneumatico.com\/blog\/wp-json\/wp\/v2\/types\/page"}],"author":[{"embeddable":true,"href":"https:\/\/www.muchoneumatico.com\/blog\/wp-json\/wp\/v2\/users\/6"}],"replies":[{"embeddable":true,"href":"https:\/\/www.muchoneumatico.com\/blog\/wp-json\/wp\/v2\/comments?post=15998"}],"version-history":[{"count":0,"href":"https:\/\/www.muchoneumatico.com\/blog\/wp-json\/wp\/v2\/pages\/15998\/revisions"}],"up":[{"embeddable":true,"href":"https:\/\/www.muchoneumatico.com\/blog\/wp-json\/wp\/v2\/pages\/15852"}],"wp:featuredmedia":[{"embeddable":true,"href":"https:\/\/www.muchoneumatico.com\/blog\/wp-json\/wp\/v2\/media\/15999"}],"wp:attachment":[{"href":"https:\/\/www.muchoneumatico.com\/blog\/wp-json\/wp\/v2\/media?parent=15998"}],"curies":[{"name":"wp","href":"https:\/\/api.w.org\/{rel}","templated":true}]}}