{"id":15983,"date":"2023-01-24T12:09:14","date_gmt":"2023-01-24T11:09:14","guid":{"rendered":"https:\/\/www.muchoneumatico.com\/blog\/?page_id=15983"},"modified":"2024-12-02T10:10:53","modified_gmt":"2024-12-02T09:10:53","slug":"neumaticos-tigar","status":"publish","type":"page","link":"https:\/\/www.muchoneumatico.com\/blog\/fabricantes\/neumaticos-tigar\/","title":{"rendered":"Neum\u00e1ticos Tigar"},"content":{"rendered":"<p>El rendimiento de los\u00a0<a href=\"https:\/\/www.muchoneumatico.com\/marcas\/tigar\"><strong>neum\u00e1ticos Tigar<\/strong><\/a> comenz\u00f3 a ser famoso en poco tiempo y se convirti\u00f3 en uno de los neum\u00e1ticos m\u00e1s pedidos durante varios meses.\u00a0Los t\u00e9cnicos de la empresa, han llevado a cabo duras pruebas con los neum\u00e1ticos y se ha podido ver que la rentabilidad y durabilidad es superior a la mayor\u00eda del mercado.<\/p>\n<p>En lo que se refiere a la venta al por mayor, esto llev\u00f3 a la empresa a convertirla en una de bajo coste, lo que la catapult\u00f3 a toda Europa.<\/p>\n<h2>Neum\u00e1ticos Tigar historia y de d\u00f3nde son<\/h2>\n<p><strong>Neum\u00e1ticos Tigar se fund\u00f3 en 1935 en Serbia<\/strong> como un laboratorio para la fabricaci\u00f3n de calzado y art\u00edculos de caucho en general, en 1959 comenz\u00f3 a producir neum\u00e1ticos, en 1974 se estipul\u00f3 un acuerdo de colaboraci\u00f3n con <span style=\"text-decoration: underline;\"><a href=\"https:\/\/www.muchoneumatico.com\/marcas\/bf-goodrich\">BFGoodrich<\/a><\/span> que dur\u00f3 algunos a\u00f1os. En 1991 se transform\u00f3 en sociedad an\u00f3nima y unos a\u00f1os m\u00e1s tarde inici\u00f3 una colaboraci\u00f3n con Michelin que, en 2007, se convirti\u00f3 primero en accionista mayoritario y luego adquiri\u00f3 la totalidad del paquete accionario.<\/p>\n<p>Adem\u00e1s de <span style=\"text-decoration: underline;\"><a href=\"https:\/\/www.muchoneumatico.com\/comprar-neumaticos\/neumaticos-coche\">neum\u00e1ticos de coche<\/a><\/span>, que sigue siendo la principal producci\u00f3n, <strong>Tigar tambi\u00e9n fabrica productos qu\u00edmicos y otros art\u00edculos de caucho<\/strong>: botas (para el trabajo y el ocio) y una amplia gama de art\u00edculos t\u00e9cnicos de caucho (mangueras, juntas, etc.). En Serbia es una realidad muy importante, la Corporaci\u00f3n Tigar controla toda una serie de actividades colaterales en los sectores de la construcci\u00f3n, los servicios y el comercio, actividades que constituyen una parte significativa de la econom\u00eda local.<\/p>\n<p><img decoding=\"async\" class=\"aligncenter size-full wp-image-15985 lazyload\" data-src=\"https:\/\/www.muchoneumatico.com\/blog\/wp-content\/uploads\/2023\/01\/close-up-of-a-red-car-with-winter-tires-on-an-icy-pavement.jpg\" alt=\"Neum\u00e1ticos Tigar\" width=\"2000\" height=\"1333\" src=\"data:image\/svg+xml;base64,PHN2ZyB3aWR0aD0iMSIgaGVpZ2h0PSIxIiB4bWxucz0iaHR0cDovL3d3dy53My5vcmcvMjAwMC9zdmciPjwvc3ZnPg==\" style=\"--smush-placeholder-width: 2000px; --smush-placeholder-aspect-ratio: 2000\/1333;\" \/><\/p>\n<h3>Neum\u00e1ticos Tigar modelos y opiniones<\/h3>\n<p>La posici\u00f3n geogr\u00e1fica de la f\u00e1brica es estrat\u00e9gica para la distribuci\u00f3n en <strong>Europa, Rusia, Oriente Medio y Norte de \u00c1frica<\/strong>. Tambi\u00e9n por este motivo, en 2012 Michelin decidi\u00f3 invertir 170 millones de euros en el periodo 2012-2016 para modernizar y ampliar las plantas con el objetivo de aumentar la producci\u00f3n de <strong>8 a 12 millones de neum\u00e1ticos al a\u00f1o<\/strong>, esta mejora incluye tambi\u00e9n la contrataci\u00f3n de 700 nuevos empleados .<\/p>\n<p><strong>En la planta de Tigar en Pirot, Michelin produce las tres marcas de nivel de entrada que tiene en cartera<\/strong>: <span style=\"text-decoration: underline;\"><a href=\"https:\/\/www.muchoneumatico.com\/marcas\/riken\">Riken<\/a><\/span>, <span style=\"text-decoration: underline;\"><a href=\"https:\/\/www.muchoneumatico.com\/blog\/fabricantes\/neumaticos-kormoran\/\">Kormoran<\/a><\/span> y <strong>Tigar<\/strong>. Se trata de neum\u00e1ticos con precios especialmente bajos en competencia directa con los productos asi\u00e1ticos. Los estudios de mercado m\u00e1s recientes confirman el crecimiento constante de la demanda de neum\u00e1ticos econ\u00f3micos y las previsiones hablan de un aumento adicional del 30% en los pr\u00f3ximos 10 a\u00f1os.<strong> Un mercado en expansi\u00f3n<\/strong>, por tanto, que facilita el auge de Tigar y la difusi\u00f3n de sus neum\u00e1ticos que, aunque a bajo precio, son siempre productos europeos \u00abby Michelin\u00bb.<\/p>\n<ul>\n<li><strong>Neum\u00e1ticos Tigar de invierno<\/strong><\/li>\n<\/ul>\n<p>Tigar Cargo Speed Winter; Tigar SUV Winter; Tigar Winter; Tigar Winter 1; Tigar Winter 1 B5.<\/p>\n<ul>\n<li><strong>Neum\u00e1ticos Tigar de verano<\/strong><\/li>\n<\/ul>\n<p>Tigar Cargo Speed; Tigar High Performance; Tigar Prima; Tigar SUV Summer; Tigar Touring; Tigar Ultra High Performance.<\/p>\n<ul>\n<li><strong><span style=\"text-decoration: underline;\"><a href=\"https:\/\/www.muchoneumatico.com\/comprar-neumaticos\/neumaticos-4-estaciones\">Neum\u00e1ticos 4 estaciones<\/a><\/span> Tigar<\/strong><\/li>\n<\/ul>\n<p>Tigar All Season.<\/p>\n<p><img decoding=\"async\" class=\"aligncenter size-full wp-image-15986 lazyload\" data-src=\"https:\/\/www.muchoneumatico.com\/blog\/wp-content\/uploads\/2023\/01\/tires-for-sale-at-a-tire-store-and-stacks-of-old-used-tires-and-new-one-all-season-car-tires.jpg\" alt=\"Neum\u00e1ticos Tigar\" width=\"2000\" height=\"1333\" src=\"data:image\/svg+xml;base64,PHN2ZyB3aWR0aD0iMSIgaGVpZ2h0PSIxIiB4bWxucz0iaHR0cDovL3d3dy53My5vcmcvMjAwMC9zdmciPjwvc3ZnPg==\" style=\"--smush-placeholder-width: 2000px; --smush-placeholder-aspect-ratio: 2000\/1333;\" \/><\/p>\n","protected":false},"excerpt":{"rendered":"<p>El rendimiento de los\u00a0neum\u00e1ticos Tigar comenz\u00f3 a ser famoso en poco tiempo y se convirti\u00f3 en uno de los neum\u00e1ticos m\u00e1s pedidos durante varios meses.\u00a0Los t\u00e9cnicos de la empresa, han llevado a cabo duras pruebas con los neum\u00e1ticos y se ha podido ver que la rentabilidad y durabilidad es superior a la mayor\u00eda del mercado. [&hellip;]<\/p>\n","protected":false},"author":6,"featured_media":15984,"parent":15852,"menu_order":0,"comment_status":"closed","ping_status":"closed","template":"","meta":{"footnotes":""},"class_list":["post-15983","page","type-page","status-publish","has-post-thumbnail","hentry"],"_links":{"self":[{"href":"https:\/\/www.muchoneumatico.com\/blog\/wp-json\/wp\/v2\/pages\/15983","targetHints":{"allow":["GET"]}}],"collection":[{"href":"https:\/\/www.muchoneumatico.com\/blog\/wp-json\/wp\/v2\/pages"}],"about":[{"href":"https:\/\/www.muchoneumatico.com\/blog\/wp-json\/wp\/v2\/types\/page"}],"author":[{"embeddable":true,"href":"https:\/\/www.muchoneumatico.com\/blog\/wp-json\/wp\/v2\/users\/6"}],"replies":[{"embeddable":true,"href":"https:\/\/www.muchoneumatico.com\/blog\/wp-json\/wp\/v2\/comments?post=15983"}],"version-history":[{"count":0,"href":"https:\/\/www.muchoneumatico.com\/blog\/wp-json\/wp\/v2\/pages\/15983\/revisions"}],"up":[{"embeddable":true,"href":"https:\/\/www.muchoneumatico.com\/blog\/wp-json\/wp\/v2\/pages\/15852"}],"wp:featuredmedia":[{"embeddable":true,"href":"https:\/\/www.muchoneumatico.com\/blog\/wp-json\/wp\/v2\/media\/15984"}],"wp:attachment":[{"href":"https:\/\/www.muchoneumatico.com\/blog\/wp-json\/wp\/v2\/media?parent=15983"}],"curies":[{"name":"wp","href":"https:\/\/api.w.org\/{rel}","templated":true}]}}