{"id":15976,"date":"2023-01-24T11:58:53","date_gmt":"2023-01-24T10:58:53","guid":{"rendered":"https:\/\/www.muchoneumatico.com\/blog\/?page_id=15976"},"modified":"2024-12-02T10:11:43","modified_gmt":"2024-12-02T09:11:43","slug":"neumaticos-sailun","status":"publish","type":"page","link":"https:\/\/www.muchoneumatico.com\/blog\/fabricantes\/neumaticos-sailun\/","title":{"rendered":"Neum\u00e1ticos Sailun"},"content":{"rendered":"<p><a href=\"https:\/\/www.muchoneumatico.com\/marcas\/sailun\">Neum\u00e1ticos Sailun<\/a> es un fabricante de neum\u00e1ticos chino, que ha estado en el mercado de neum\u00e1ticos <strong>desde 2002<\/strong>. Sailun tiene renombre mundial, presentando neum\u00e1ticos para los mercados asi\u00e1tico y europeo.<\/p>\n<p>Sailun es un fabricante asequible que ha disfrutado de un gran \u00e9xito con neum\u00e1ticos de calidad vendidos a precios bajos. Es una de las <span style=\"text-decoration: underline;\"><a href=\"https:\/\/www.muchoneumatico.com\/blog\/grandes-marcas\/neumaticos-equipo-futbol-favorito\/\">marcas presentes en el f\u00fatbol<\/a><\/span> y actualmente patrocina al Valencia CF de la Liga Espa\u00f1ola.<\/p>\n<h2>Neum\u00e1ticos Sailun: historia y de d\u00f3nde son<\/h2>\n<p><strong>Los neum\u00e1ticos Sailun son producidos por la empresa matriz Mesnac Co. Ltd.,<\/strong> establecida en 2002 en la Zona Nacional de Desarrollo Econ\u00f3mico y Tecnol\u00f3gico de Qingdao, China, una evoluci\u00f3n l\u00f3gica del fabricante de equipos de neum\u00e1ticos Mesnac. Para demostrar la vigencia y calidad de su material de construcci\u00f3n, Mesnac inici\u00f3 la producci\u00f3n de<strong> neum\u00e1ticos de alta calidad<\/strong> bajo la marca Sailun. Ahora, con una marca reconocida, la compa\u00f1\u00eda est\u00e1 activa en investigaci\u00f3n y desarrollo con un enfoque en la fabricaci\u00f3n de neum\u00e1ticos de clase mundial para todo tipo de veh\u00edculos, desde sedanes familiares hasta <span style=\"text-decoration: underline;\"><a href=\"https:\/\/www.muchoneumatico.com\/comprar-neumaticos\/neumaticos-camion\">neum\u00e1ticos de cami\u00f3n<\/a><\/span> de transporte y <span style=\"text-decoration: underline;\"><a href=\"https:\/\/www.muchoneumatico.com\/comprar-neumaticos\/neumaticos-4x4\">neum\u00e1ticos 4&#215;4<\/a><\/span>.<\/p>\n<p><strong>Sailun fabrica y distribuye neum\u00e1ticos de varios tipos<\/strong>: desde neum\u00e1ticos para turismos hasta neum\u00e1ticos para camiones ligeros\/SUV, neum\u00e1ticos de invierno, neum\u00e1ticos para veh\u00edculos comerciales y neum\u00e1ticos radiales para camiones de servicio medio a todos los mercados de <strong>Am\u00e9rica del Norte, Europa, Asia, \u00c1frica y Am\u00e9rica del Sur<\/strong>.<\/p>\n<p><img decoding=\"async\" class=\"aligncenter size-full wp-image-15980 lazyload\" data-src=\"https:\/\/www.muchoneumatico.com\/blog\/wp-content\/uploads\/2023\/01\/winter.jpg\" alt=\"Neum\u00e1ticos Sailun\" width=\"2000\" height=\"1333\" src=\"data:image\/svg+xml;base64,PHN2ZyB3aWR0aD0iMSIgaGVpZ2h0PSIxIiB4bWxucz0iaHR0cDovL3d3dy53My5vcmcvMjAwMC9zdmciPjwvc3ZnPg==\" style=\"--smush-placeholder-width: 2000px; --smush-placeholder-aspect-ratio: 2000\/1333;\" \/><\/p>\n<h2>Neum\u00e1ticos Sailun modelos<\/h2>\n<p>Adem\u00e1s de la fabricaci\u00f3n de neum\u00e1ticos, Sailun se dedica a construir las plataformas de construcci\u00f3n m\u00e1s avanzadas y eficientes para la fabricaci\u00f3n de neum\u00e1ticos.<\/p>\n<ul>\n<li><span style=\"text-decoration: underline;\"><a href=\"https:\/\/www.muchoneumatico.com\/comprar-neumaticos\/neumaticos-verano\">Neum\u00e1ticos de verano<\/a><\/span> Sailun (Atrezzo Eco, Atrezzo Elite SH32, Atrezzo SVR LX, Atrezzo Z4 Plus AS, Atrezzo ZS Plus, Atrezzo ZSR SU18).<\/li>\n<li><span style=\"text-decoration: underline;\"><a href=\"https:\/\/www.muchoneumatico.com\/comprar-neumaticos\/neumaticos-invierno\">Neum\u00e1ticos de invierno<\/a><\/span> Sailun (Ice Blazer Alpine Evo1 WSL3A1, Ice Blazer Alpine Evo WSL3A, Ice Blazer Alpine Plus WSL3+, Ice Blazer WSL1, Ice Blazer WSL2, Ice Blazer WST1, Ice Blazer WST3).<\/li>\n<li>Neum\u00e1ticos de 4 estaciones homologados para invierno Sailun (Atrezzo 4Seasons).<\/li>\n<li>Neum\u00e1ticos 4&#215;4 de verano Sailun (Atrezzo Elite SH32, Atrezzo SVR LX, Atrezzo ZSR SU18, Terramax AT, Terramax CVR, Terramax HT, Terramax MT).<\/li>\n<li>Neum\u00e1ticos 4&#215;4 de invierno Sailun (Ice Blazer Alpine Evo1 WSL3A1, Ice Blazer Alpine Evo WSL3A, Ice Blazer WST1, Ice Blazer WST2 LT, Ice Blazer WST3).<\/li>\n<li>Neum\u00e1ticos de verano para veh\u00edculos comerciales Sailun (Commercio VX1, SL12).<\/li>\n<li>Neum\u00e1ticos de invierno para veh\u00edculos industriales Sailun (Endura WSL1, Ice Blazer WSL1 LT ,Ice Blazer WST1 LT, Ice Blazer WST2 LT).<\/li>\n<li>Neum\u00e1ticos utilitarios de 4 estaciones aprobados para invierno Sailun (Commercio 4Seasons).<\/li>\n<li>Neum\u00e1ticos de pista legales de calle Sailun (Atrezzo R01).<\/li>\n<\/ul>\n<p><img decoding=\"async\" class=\"aligncenter size-full wp-image-15979 lazyload\" data-src=\"https:\/\/www.muchoneumatico.com\/blog\/wp-content\/uploads\/2023\/01\/detail-stack-of-new-car-tire-automotive-rubber-wheel-car-for-automobile.jpg\" alt=\"Neum\u00e1ticos Sailun\" width=\"2000\" height=\"1335\" src=\"data:image\/svg+xml;base64,PHN2ZyB3aWR0aD0iMSIgaGVpZ2h0PSIxIiB4bWxucz0iaHR0cDovL3d3dy53My5vcmcvMjAwMC9zdmciPjwvc3ZnPg==\" style=\"--smush-placeholder-width: 2000px; --smush-placeholder-aspect-ratio: 2000\/1335;\" \/><\/p>\n","protected":false},"excerpt":{"rendered":"<p>Neum\u00e1ticos Sailun es un fabricante de neum\u00e1ticos chino, que ha estado en el mercado de neum\u00e1ticos desde 2002. Sailun tiene renombre mundial, presentando neum\u00e1ticos para los mercados asi\u00e1tico y europeo. Sailun es un fabricante asequible que ha disfrutado de un gran \u00e9xito con neum\u00e1ticos de calidad vendidos a precios bajos. Es una de las marcas [&hellip;]<\/p>\n","protected":false},"author":6,"featured_media":15978,"parent":15852,"menu_order":0,"comment_status":"closed","ping_status":"closed","template":"","meta":{"footnotes":""},"class_list":["post-15976","page","type-page","status-publish","has-post-thumbnail","hentry"],"_links":{"self":[{"href":"https:\/\/www.muchoneumatico.com\/blog\/wp-json\/wp\/v2\/pages\/15976","targetHints":{"allow":["GET"]}}],"collection":[{"href":"https:\/\/www.muchoneumatico.com\/blog\/wp-json\/wp\/v2\/pages"}],"about":[{"href":"https:\/\/www.muchoneumatico.com\/blog\/wp-json\/wp\/v2\/types\/page"}],"author":[{"embeddable":true,"href":"https:\/\/www.muchoneumatico.com\/blog\/wp-json\/wp\/v2\/users\/6"}],"replies":[{"embeddable":true,"href":"https:\/\/www.muchoneumatico.com\/blog\/wp-json\/wp\/v2\/comments?post=15976"}],"version-history":[{"count":0,"href":"https:\/\/www.muchoneumatico.com\/blog\/wp-json\/wp\/v2\/pages\/15976\/revisions"}],"up":[{"embeddable":true,"href":"https:\/\/www.muchoneumatico.com\/blog\/wp-json\/wp\/v2\/pages\/15852"}],"wp:featuredmedia":[{"embeddable":true,"href":"https:\/\/www.muchoneumatico.com\/blog\/wp-json\/wp\/v2\/media\/15978"}],"wp:attachment":[{"href":"https:\/\/www.muchoneumatico.com\/blog\/wp-json\/wp\/v2\/media?parent=15976"}],"curies":[{"name":"wp","href":"https:\/\/api.w.org\/{rel}","templated":true}]}}