{"id":15969,"date":"2023-01-24T11:44:35","date_gmt":"2023-01-24T10:44:35","guid":{"rendered":"https:\/\/www.muchoneumatico.com\/blog\/?page_id=15969"},"modified":"2024-12-02T10:39:26","modified_gmt":"2024-12-02T09:39:26","slug":"neumaticos-runway","status":"publish","type":"page","link":"https:\/\/www.muchoneumatico.com\/blog\/fabricantes\/neumaticos-runway\/","title":{"rendered":"Neum\u00e1ticos Runway"},"content":{"rendered":"<p><strong><a href=\"https:\/\/www.muchoneumatico.com\/marcas\/runway\">Neum\u00e1ticos Runway<\/a>\u00a0<\/strong>es una marca asi\u00e1tica de\u00a0neum\u00e1ticos baratos que se dise\u00f1an y producen en\u00a0Singapur\u00a0con tecnolog\u00eda\u00a0norteamericana. Debido a su alto grado de penetraci\u00f3n en el mercado internacional, en la actualidad ya se comercializa en un total de 100 pa\u00edses. Es uno de los fabricantes m\u00e1s vendidos en el mundo.<\/p>\n<h2>Ruedas Runway: calidad para turismos<\/h2>\n<p>Son\u00a0<a href=\"https:\/\/www.muchoneumatico.com\/comprar-neumaticos\/neumaticos-coche\">ruedas para\u00a0turismos<\/a> de gran\u00a0calidad\u00a0fabricadas por\u00a0GITI TIRE, una empresa que se cre\u00f3 en 1951, cuyos productos tienen una relaci\u00f3n calidad\u00a0precio muy satisfactoria.\u00a0De hecho, las f\u00e1bricas de esta compa\u00f1\u00eda cuentan con las necesarias certificaciones internacionales sobre calidad automovil\u00edstica y respeto medioambiental.\u00a0Destacan por su elevado nivel de agarre tanto en seco como en mojado<\/p>\n<h2>Neum\u00e1ticos Runway: turismos y 4&#215;4<\/h2>\n<p>Runway\u00a0fabrica neum\u00e1ticos que est\u00e1n al alcance de todos los bolsillos y que ha sido dise\u00f1ados para\u00a0turismos, veh\u00edculos utilitarios, autom\u00f3viles\u00a04&#215;4\u00a0y camiones y camionetas a cuyos conductores proporciona seguridad y transmite confianza.<\/p>\n<p><img decoding=\"async\" class=\"aligncenter size-full wp-image-15971 lazyload\" data-src=\"https:\/\/www.muchoneumatico.com\/blog\/wp-content\/uploads\/2023\/01\/ready-for-anything-on-the-trail-shot-of-a-heavy-duty-4x4-driving-along-some-sand-dunes-.jpg\" alt=\"Neum\u00e1ticos Runway\" width=\"2000\" height=\"1335\" src=\"data:image\/svg+xml;base64,PHN2ZyB3aWR0aD0iMSIgaGVpZ2h0PSIxIiB4bWxucz0iaHR0cDovL3d3dy53My5vcmcvMjAwMC9zdmciPjwvc3ZnPg==\" style=\"--smush-placeholder-width: 2000px; --smush-placeholder-aspect-ratio: 2000\/1335;\" \/><\/p>\n<h2>Runway, neum\u00e1ticos de prestigio<\/h2>\n<p>Al adentrarnos en distintas publicaciones y foros de Internet comprobamos que las\u00a0Runway\u00a0son\u00a0<strong>ruedas de prestigio<\/strong> que gozan del favor del p\u00fablico.\u00a0As\u00ed lo ponen de manifiesto p\u00e1ginas como Oponeo, donde se informa de los elevados niveles de calidad de estos compuestos que se pueden encontrar a unos precios muy competitivos.<\/p>\n<p>Aunque en todos los an\u00e1lisis se destaca el gran comportamiento que tienen tanto en seco como en mojado, y lo bien que se agarran al asfalto, suele hacerse especial hincapi\u00e9 en el hecho de que en seco las prestaciones que se consiguen son mucho m\u00e1s elevadas.<\/p>\n<h2>Neum\u00e1ticos Runway para turismos por solo 26 euros<\/h2>\n<p>El precio de estos neum\u00e1ticos es uno de sus principales atractivos porque son bajos a pesar de que ofrecen un alto nivel de prestaciones.\u00a0De hecho, unas\u00a0135\/80 R13 70\u00a0para\u00a0turismos\u00a0se pueden adquirir por\u00a026 euros y unas\u00a0Runway\u00a0215\/60 R17 100 V\u00a0para\u00a04&#215;4\u00a0por\u00a068 euros.<\/p>\n<p><img decoding=\"async\" class=\"aligncenter size-full wp-image-15972 lazyload\" data-src=\"https:\/\/www.muchoneumatico.com\/blog\/wp-content\/uploads\/2023\/01\/black-guy-checking-car-wheels-and-tyres-in-dealership-showroom.jpg\" alt=\"Neum\u00e1ticos Runway\" width=\"2000\" height=\"1333\" src=\"data:image\/svg+xml;base64,PHN2ZyB3aWR0aD0iMSIgaGVpZ2h0PSIxIiB4bWxucz0iaHR0cDovL3d3dy53My5vcmcvMjAwMC9zdmciPjwvc3ZnPg==\" style=\"--smush-placeholder-width: 2000px; --smush-placeholder-aspect-ratio: 2000\/1333;\" \/><\/p>\n","protected":false},"excerpt":{"rendered":"<p>Neum\u00e1ticos Runway\u00a0es una marca asi\u00e1tica de\u00a0neum\u00e1ticos baratos que se dise\u00f1an y producen en\u00a0Singapur\u00a0con tecnolog\u00eda\u00a0norteamericana. Debido a su alto grado de penetraci\u00f3n en el mercado internacional, en la actualidad ya se comercializa en un total de 100 pa\u00edses. Es uno de los fabricantes m\u00e1s vendidos en el mundo. Ruedas Runway: calidad para turismos Son\u00a0ruedas para\u00a0turismos de [&hellip;]<\/p>\n","protected":false},"author":6,"featured_media":15970,"parent":15852,"menu_order":0,"comment_status":"closed","ping_status":"closed","template":"","meta":{"footnotes":""},"class_list":["post-15969","page","type-page","status-publish","has-post-thumbnail","hentry"],"_links":{"self":[{"href":"https:\/\/www.muchoneumatico.com\/blog\/wp-json\/wp\/v2\/pages\/15969","targetHints":{"allow":["GET"]}}],"collection":[{"href":"https:\/\/www.muchoneumatico.com\/blog\/wp-json\/wp\/v2\/pages"}],"about":[{"href":"https:\/\/www.muchoneumatico.com\/blog\/wp-json\/wp\/v2\/types\/page"}],"author":[{"embeddable":true,"href":"https:\/\/www.muchoneumatico.com\/blog\/wp-json\/wp\/v2\/users\/6"}],"replies":[{"embeddable":true,"href":"https:\/\/www.muchoneumatico.com\/blog\/wp-json\/wp\/v2\/comments?post=15969"}],"version-history":[{"count":0,"href":"https:\/\/www.muchoneumatico.com\/blog\/wp-json\/wp\/v2\/pages\/15969\/revisions"}],"up":[{"embeddable":true,"href":"https:\/\/www.muchoneumatico.com\/blog\/wp-json\/wp\/v2\/pages\/15852"}],"wp:featuredmedia":[{"embeddable":true,"href":"https:\/\/www.muchoneumatico.com\/blog\/wp-json\/wp\/v2\/media\/15970"}],"wp:attachment":[{"href":"https:\/\/www.muchoneumatico.com\/blog\/wp-json\/wp\/v2\/media?parent=15969"}],"curies":[{"name":"wp","href":"https:\/\/api.w.org\/{rel}","templated":true}]}}