{"id":15956,"date":"2023-01-24T11:28:49","date_gmt":"2023-01-24T10:28:49","guid":{"rendered":"https:\/\/www.muchoneumatico.com\/blog\/?page_id=15956"},"modified":"2024-12-02T10:16:39","modified_gmt":"2024-12-02T09:16:39","slug":"neumaticos-imperial","status":"publish","type":"page","link":"https:\/\/www.muchoneumatico.com\/blog\/fabricantes\/neumaticos-imperial\/","title":{"rendered":"Neum\u00e1ticos Imperial"},"content":{"rendered":"<p><a href=\"https:\/\/www.muchoneumatico.com\/marcas\/imperial\">Neum\u00e1ticos Imperial<\/a> es una marca de neum\u00e1ticos nacida en 2011 que tiene su sede en Amberes (B\u00e9lgica) y no es muy conocida por el gran p\u00fablico. Forma parte de la galaxia Deldo Autobanden N.V, una distribuidora de <span style=\"text-decoration: underline;\"><a href=\"https:\/\/www.muchoneumatico.com\/comprar-neumaticos\/neumaticos-coche\">neum\u00e1ticos para autom\u00f3viles<\/a><\/span> que cuenta con m\u00e1s de dos millones de piezas y m\u00e1s de 30 marcas diferentes disponibles en su almac\u00e9n.<\/p>\n<p>Imperial es una marca privada cuyos productos se conf\u00edan a f\u00e1bricas de confianza para garantizar resultados fiables, de alta calidad y rendimiento. Pero, <strong>\u00bfqu\u00e9 piensan los automovilistas de los neum\u00e1ticos Imperial?<\/strong><\/p>\n<p>Conozcamos m\u00e1s sobre esta empresa que solo conocen los conductores m\u00e1s atentos, capaz de combinar costos reducidos y productos bien hechos con un alto contenido tecnol\u00f3gico. Puede considerarse una marca \u00abecon\u00f3mica\u00bb, es decir, se basa en precios bajos para abrirse camino en el mercado.<\/p>\n<h2>Neum\u00e1ticos Imperial opiniones<\/h2>\n<p>Dentro del cat\u00e1logo Imperial, triunfan <strong>los neum\u00e1ticos de la categor\u00eda touring est\u00e1ndar<\/strong>, una especie de versi\u00f3n <span style=\"text-decoration: underline;\"><a href=\"https:\/\/www.muchoneumatico.com\/comprar-neumaticos\/neumaticos-low-cost\">m\u00e1s econ\u00f3mica<\/a><\/span> de los productos touring, que privilegian el confort de conducci\u00f3n y la reducci\u00f3n del consumo de combustible frente a las prestaciones puras de los neum\u00e1ticos de altas prestaciones.<\/p>\n<p>En este segmento, se destac\u00f3 el <strong>F109 Eco-Driver 3<\/strong>, que mostr\u00f3 excelente agarre en mojado y buena resistencia al desgaste, garantizando as\u00ed un alto kilometraje. Como se mencion\u00f3 anteriormente, los automovilistas aprecian la relaci\u00f3n calidad-precio de estos neum\u00e1ticos y de todos los productos Imperial en general, ya que son capaces de ofrecer un alto nivel de rendimiento a un bajo costo, que es lo que la mayor\u00eda de los conductores buscan. <strong>Tambi\u00e9n muy buen agarre incluso en caminos dif\u00edciles como los de monta\u00f1a.<\/strong><\/p>\n<p><img decoding=\"async\" class=\"aligncenter size-full wp-image-15959 lazyload\" data-src=\"https:\/\/www.muchoneumatico.com\/blog\/wp-content\/uploads\/2023\/01\/car-driving-on-the-highway.jpg\" alt=\"Neum\u00e1ticos Imperial\" width=\"2000\" height=\"1313\" src=\"data:image\/svg+xml;base64,PHN2ZyB3aWR0aD0iMSIgaGVpZ2h0PSIxIiB4bWxucz0iaHR0cDovL3d3dy53My5vcmcvMjAwMC9zdmciPjwvc3ZnPg==\" style=\"--smush-placeholder-width: 2000px; --smush-placeholder-aspect-ratio: 2000\/1313;\" \/><\/p>\n<h3>Imperial: neum\u00e1ticos que ayudan a proteger el medio ambiente<\/h3>\n<p>En particular, la serie <strong>Eco-Driver<\/strong> fue creada para <span style=\"text-decoration: underline;\"><a href=\"https:\/\/www.muchoneumatico.com\/blog\/consejos\/consejos-reducir-diesel\/\">contener el consumo de combustible<\/a><\/span> y, por lo tanto, limitar las emisiones, con baja resistencia a la rodadura. Numerosos automovilistas se han sorprendido por su silencio, que aumenta el confort y demuestra estar a la altura de los neum\u00e1ticos de gama alta. Excelente resultado para Imperial: en general, los neum\u00e1ticos baratos tienden a ser m\u00e1s ruidosos, precisamente porque el trabajo en la banda de rodadura durante la etapa de dise\u00f1o y construcci\u00f3n es menos refinado.<\/p>\n<p>En comparaci\u00f3n con la generaci\u00f3n anterior, en la que los automovilistas notaron un agarre no \u00f3ptimo <span style=\"text-decoration: underline;\"><a href=\"https:\/\/www.muchoneumatico.com\/blog\/consejos\/frenar-mojado-lluvia\/\">en mojado<\/a><\/span>, se ha logrado un progreso considerable y se ha eliminado el principal defecto, lo que hace que los neum\u00e1ticos rindan por igual tanto en superficies secas como mojadas. <strong>El cat\u00e1logo de Imperial es completo y tambi\u00e9n ofrece <span style=\"text-decoration: underline;\"><a href=\"https:\/\/www.muchoneumatico.com\/comprar-neumaticos\/neumaticos-invierno\">neum\u00e1ticos de invierno<\/a><\/span> que cubren las necesidades de los automovilistas en el per\u00edodo m\u00e1s cr\u00edtico del a\u00f1o.<\/strong><\/p>\n<h3>\u00bfC\u00f3mo son los neum\u00e1ticos de invierno Imperial?<\/h3>\n<p><strong>Las opiniones sobre los neum\u00e1ticos de invierno Imperial son positivas<\/strong>, se destaca su comportamiento en carretera tanto en superficies mojadas como nevadas y un desgaste limitado, lo que ha llevado a muchos conductores a equipararlos con los productos de invierno de las principales marcas del sector. Varios conductores afirmaron haber encontrado estos neum\u00e1ticos en coches de segunda mano y volver a comprarlos precisamente porque <strong>les convenci\u00f3 el rendimiento<\/strong>, y algunos de ellos ni siquiera hab\u00edan o\u00eddo hablar nunca del nombre de esta marca.<\/p>\n<p>Muchos han declarado que no sienten ninguna diferencia particular entre los neum\u00e1ticos Imperial y los modelos de los principales fabricantes, lo que demuestra el buen trabajo realizado por esta empresa que lleva menos de diez a\u00f1os en el mercado. En conclusi\u00f3n, los productos que ofrece<strong> la marca belga<\/strong> convencen y tienen precios bajos incluso con prestaciones comparables a los neum\u00e1ticos premium: en virtud de ello, la relaci\u00f3n entre calidad y precio es sin duda su principal fortaleza.<\/p>\n<p>En conclusi\u00f3n, los neum\u00e1ticos Imperial, aunque poco conocidos, son neum\u00e1ticos muy positivos tambi\u00e9n en relaci\u00f3n con el respeto por el medio ambiente. La excelente relaci\u00f3n entre calidad y precio es la guinda del pastel que <strong>refuerza los testimonios de los automovilistas<\/strong>. \u00bfQuieres probarlos t\u00fa tambi\u00e9n?<\/p>\n<p><img decoding=\"async\" class=\"aligncenter size-full wp-image-15958 lazyload\" data-src=\"https:\/\/www.muchoneumatico.com\/blog\/wp-content\/uploads\/2023\/01\/winter-tire.jpg\" alt=\"Neum\u00e1ticos Imperial\" width=\"2000\" height=\"1333\" src=\"data:image\/svg+xml;base64,PHN2ZyB3aWR0aD0iMSIgaGVpZ2h0PSIxIiB4bWxucz0iaHR0cDovL3d3dy53My5vcmcvMjAwMC9zdmciPjwvc3ZnPg==\" style=\"--smush-placeholder-width: 2000px; --smush-placeholder-aspect-ratio: 2000\/1333;\" \/><\/p>\n","protected":false},"excerpt":{"rendered":"<p>Neum\u00e1ticos Imperial es una marca de neum\u00e1ticos nacida en 2011 que tiene su sede en Amberes (B\u00e9lgica) y no es muy conocida por el gran p\u00fablico. Forma parte de la galaxia Deldo Autobanden N.V, una distribuidora de neum\u00e1ticos para autom\u00f3viles que cuenta con m\u00e1s de dos millones de piezas y m\u00e1s de 30 marcas diferentes [&hellip;]<\/p>\n","protected":false},"author":6,"featured_media":15957,"parent":15852,"menu_order":0,"comment_status":"closed","ping_status":"closed","template":"","meta":{"footnotes":""},"class_list":["post-15956","page","type-page","status-publish","has-post-thumbnail","hentry"],"_links":{"self":[{"href":"https:\/\/www.muchoneumatico.com\/blog\/wp-json\/wp\/v2\/pages\/15956","targetHints":{"allow":["GET"]}}],"collection":[{"href":"https:\/\/www.muchoneumatico.com\/blog\/wp-json\/wp\/v2\/pages"}],"about":[{"href":"https:\/\/www.muchoneumatico.com\/blog\/wp-json\/wp\/v2\/types\/page"}],"author":[{"embeddable":true,"href":"https:\/\/www.muchoneumatico.com\/blog\/wp-json\/wp\/v2\/users\/6"}],"replies":[{"embeddable":true,"href":"https:\/\/www.muchoneumatico.com\/blog\/wp-json\/wp\/v2\/comments?post=15956"}],"version-history":[{"count":0,"href":"https:\/\/www.muchoneumatico.com\/blog\/wp-json\/wp\/v2\/pages\/15956\/revisions"}],"up":[{"embeddable":true,"href":"https:\/\/www.muchoneumatico.com\/blog\/wp-json\/wp\/v2\/pages\/15852"}],"wp:featuredmedia":[{"embeddable":true,"href":"https:\/\/www.muchoneumatico.com\/blog\/wp-json\/wp\/v2\/media\/15957"}],"wp:attachment":[{"href":"https:\/\/www.muchoneumatico.com\/blog\/wp-json\/wp\/v2\/media?parent=15956"}],"curies":[{"name":"wp","href":"https:\/\/api.w.org\/{rel}","templated":true}]}}