{"id":15942,"date":"2023-01-24T11:13:14","date_gmt":"2023-01-24T10:13:14","guid":{"rendered":"https:\/\/www.muchoneumatico.com\/blog\/?page_id=15942"},"modified":"2024-12-02T10:16:16","modified_gmt":"2024-12-02T09:16:16","slug":"neumaticos-kenda","status":"publish","type":"page","link":"https:\/\/www.muchoneumatico.com\/blog\/fabricantes\/neumaticos-kenda\/","title":{"rendered":"Neum\u00e1ticos Kenda"},"content":{"rendered":"<p>Los\u00a0<a href=\"https:\/\/www.muchoneumatico.com\/marcas\/kenda\">neum\u00e1ticos Kenda<\/a>\u00a0son una de las marcas m\u00e1s reconocidas que se pueden encontrar en el mercado para motocicletas, se trata de neum\u00e1ticos para motocicletas muy\u00a0adecuados para este tipo de medio de transporte.<\/p>\n<p>En 1962, la marca\u00a0 comenz\u00f3 a fabricar modelos para cualquier tipo de veh\u00edculos, incluso<span style=\"text-decoration: underline;\">\u00a0<a href=\"https:\/\/www.muchoneumatico.com\/comprar-neumaticos\/neumaticos-4x4\/\">neum\u00e1ticos 4X4<\/a><\/span>; sin embargo, siempre se decantaron mucho m\u00e1s por las ruedas para motocicletas que es lo que define hoy a la empresa.<\/p>\n<h2>Neum\u00e1ticos Kenda; d\u00f3nde se fabrican<\/h2>\n<p>La empresa Kenda<strong> fue fundada en 1962 en Yuanlin en Taiw\u00e1n<\/strong> con el objetivo de producir neum\u00e1ticos para bicicletas y en 1970 su cat\u00e1logo se ampli\u00f3 con <span style=\"text-decoration: underline;\"><a href=\"https:\/\/www.muchoneumatico.com\/comprar-neumaticos\/neumaticos-moto\">neum\u00e1ticos para motocicletas<\/a><\/span> y scooters.\u00a0En 1985, la empresa se mud\u00f3 a Yun-lin y cotiz\u00f3 en la bolsa de valores.<\/p>\n<p>En 1990 y 1991 <strong>se abrieron oficinas en China y en EE.UU<\/strong>. en <span style=\"text-decoration: underline;\"><a href=\"https:\/\/www.muchoneumatico.com\/blog\/grandes-marcas\/akron-capital-mundial-caucho\/\">Ohio<\/a><\/span>. Con el tiempo, se abrieron nuevas sucursales en Am\u00e9rica, Asia y Europa.\u00a0Otro evento importante ocurri\u00f3 en 1992 <strong>con la empresa conjunta con Total.<\/strong><\/p>\n<p><iframe title=\"New Eco Tire of Kenda\" width=\"740\" height=\"416\" data-src=\"https:\/\/www.youtube.com\/embed\/AZHqMY85sKc?feature=oembed&#038;enablejsapi=1&#038;origin=https:\/\/www.muchoneumatico.com\" frameborder=\"0\" allow=\"accelerometer; autoplay; clipboard-write; encrypted-media; gyroscope; picture-in-picture; web-share\" referrerpolicy=\"strict-origin-when-cross-origin\" allowfullscreen src=\"data:image\/svg+xml;base64,PHN2ZyB3aWR0aD0iMSIgaGVpZ2h0PSIxIiB4bWxucz0iaHR0cDovL3d3dy53My5vcmcvMjAwMC9zdmciPjwvc3ZnPg==\" class=\"lazyload\" data-load-mode=\"1\"><\/iframe><\/p>\n<h3>Neum\u00e1ticos Kenda: productos y opiniones<\/h3>\n<p>Hasta el momento, <strong>la compa\u00f1\u00eda ha dado tres pasos en los \u00faltimos meses<\/strong>: el primero, el nombramiento como vicepresidente de Tom Williams, quien trae consigo 30 a\u00f1os de experiencia en el negocio de los neum\u00e1ticos, el \u00faltimo de los cuales pas\u00f3 en Estados Unidos con <span style=\"text-decoration: underline;\"><a href=\"https:\/\/www.muchoneumatico.com\/marcas\/hankook\">Hankook<\/a><\/span>, para lo que el ingeniero mec\u00e1nico ha contribuido no poco al registro de numerosas patentes que han relanzado la marca. Luego, Kenda anunci\u00f3 su membres\u00eda en la Asociaci\u00f3n de fabricantes de neum\u00e1ticos importadores (Imported Tire Manufacturers Association), <strong>que tiene su sede en el Reino Unido<\/strong> y representa los intereses en el viejo continente de los fabricantes de neum\u00e1ticos que, sin embargo, no producen directamente en Europa. garantizando el soporte t\u00e9cnico, legal y de pol\u00edticas e informando a los asociados sobre todos los requisitos legales y reglamentaciones t\u00e9cnicas. Por \u00faltimo, pero no menos importante, <strong>la apertura de una oficina comercial en Alemania,<\/strong> encomendando tambi\u00e9n a Michael Andre (ex responsable de Giti Tire Alemania y con una larga trayectoria en la divisi\u00f3n europea de la compa\u00f1\u00eda) el papel de responsable de marketing y ventas.<\/p>\n<p>En definitiva,<strong> la estrategia es clara: la compa\u00f1\u00eda siente la necesidad de una mayor y m\u00e1s fuerte presencia a nivel continental<\/strong>, donde la compa\u00f1\u00eda s\u00f3lo ha estado presente en unos pocos pa\u00edses, en particular Francia, <span style=\"text-decoration: underline;\"><a href=\"https:\/\/www.muchoneumatico.com\/blog\/neumaticos\/neumaticos-hechos-en-espana\/\">Espa\u00f1a<\/a><\/span>, Reino Unido e Italia, a trav\u00e9s de especiales asociaciones comerciales, obligando a los automovilistas interesados \u200b\u200ba encontrar los neum\u00e1ticos Kenda \u00fanicamente en portales web como Euroimport, especializados (como podemos ver en el siguiente enlace) en la venta de neum\u00e1ticos online.<\/p>\n<p><img decoding=\"async\" class=\"aligncenter size-full wp-image-15944 lazyload\" data-src=\"https:\/\/www.muchoneumatico.com\/blog\/wp-content\/uploads\/2023\/01\/close-up-of-new-car-wheel-tyre-1.jpg\" alt=\"Neum\u00e1ticos Kenda\" width=\"2000\" height=\"1333\" src=\"data:image\/svg+xml;base64,PHN2ZyB3aWR0aD0iMSIgaGVpZ2h0PSIxIiB4bWxucz0iaHR0cDovL3d3dy53My5vcmcvMjAwMC9zdmciPjwvc3ZnPg==\" style=\"--smush-placeholder-width: 2000px; --smush-placeholder-aspect-ratio: 2000\/1333;\" \/><\/p>\n<h3>Kenda, a la conquista de Europa<\/h3>\n<p>No es casualidad que en la reciente feria Reifen el lema elegido por Kenda fuera \u201cFocus on Europe\u201d, en un stand donde se presentaron los neum\u00e1ticos del portafolio europeo as\u00ed como el primer producto desarrollado espec\u00edficamente para este mercado, <strong>el UHP Vezda SP001<\/strong>. (cuyo lanzamiento tuvo luger en 2015). Alemania representa un verdadero campo de pruebas para los fabricantes de neum\u00e1ticos, ya que las exigentes pruebas independientes alemanas rechazan todos aquellos productos que no garantizan un excelente rendimiento y un excelente comportamiento en carretera en todas las condiciones de conducci\u00f3n, <strong>incluso a altas temperaturas. velocidad o en mojado<\/strong>. Para prepararse adecuadamente, y mantenerse en l\u00ednea con la filosof\u00eda que ha guiado su actuaci\u00f3n hasta ahora (que se puede resumir en la frase \u00abel progreso s\u00f3lo es posible a trav\u00e9s de la innovaci\u00f3n y la calidad\u00bb), la empresa taiwanesa ya ha realizado dos controles espec\u00edficos en Europa, enviando sus <a href=\"https:\/\/www.muchoneumatico.com\/comprar-neumaticos\/neumaticos-coche\">neum\u00e1ticos para autom\u00f3viles<\/a> a dos centros de prueba de renombre, Mira en Inglaterra y Test World en Finlandia (para neum\u00e1ticos de invierno), lo que confirm\u00f3 el excelente desempe\u00f1o.<\/p>\n<p>Y si para la llegada de los nuevos neum\u00e1ticos <strong>Kenda \u00abmade in Europe\u00bb, con calidad mejorada<\/strong>, habr\u00e1 que esperar alrededor de un a\u00f1o, como se mencion\u00f3, la empresa taiwanesa ciertamente no descuida el desarrollo de las otras l\u00edneas. De hecho, recientemente se introdujeron doce nuevos tama\u00f1os de neum\u00e1ticos para autom\u00f3viles, que pueden satisfacer las crecientes demandas de equipo original. De estos, diez son VezdaEco, el caucho de baja resistencia a la rodadura, que adem\u00e1s permite una mayor <strong>econom\u00eda de combustible<\/strong>.<\/p>\n<p>La optimizaci\u00f3n de la <span style=\"text-decoration: underline;\"><a href=\"https:\/\/www.muchoneumatico.com\/blog\/neumaticos\/resistencia-a-la-rodadura\/\">resistencia a la rodadura<\/a><\/span> de los neum\u00e1ticos fue objeto de una de las pruebas realizadas cerca de Shangh\u00e1i, en el Kenda Technology Research Center de Kunshan, para cumplir con los exigentes requisitos de la normativa europea en materia de resistencia a la rodadura. El resultado fue positivo, por lo que en las etiquetas de los nuevos neum\u00e1ticos Kenda estar\u00e1 visible la frase \u00abproducido de conformidad con los requisitos de la normativa europea\u00bb, una garant\u00eda m\u00e1s y testimonio de las mejoras de la empresa en el desarrollo de productos y la expansi\u00f3n de la capacidad de producci\u00f3n y calidad de sus neum\u00e1ticos.<\/p>\n<p><img decoding=\"async\" class=\"aligncenter size-full wp-image-15945 lazyload\" data-src=\"https:\/\/www.muchoneumatico.com\/blog\/wp-content\/uploads\/2023\/01\/replacing-old-car-tires.jpg\" alt=\"Neum\u00e1ticos Kenda\" width=\"2000\" height=\"1333\" src=\"data:image\/svg+xml;base64,PHN2ZyB3aWR0aD0iMSIgaGVpZ2h0PSIxIiB4bWxucz0iaHR0cDovL3d3dy53My5vcmcvMjAwMC9zdmciPjwvc3ZnPg==\" style=\"--smush-placeholder-width: 2000px; --smush-placeholder-aspect-ratio: 2000\/1333;\" \/><\/p>\n","protected":false},"excerpt":{"rendered":"<p>Los\u00a0neum\u00e1ticos Kenda\u00a0son una de las marcas m\u00e1s reconocidas que se pueden encontrar en el mercado para motocicletas, se trata de neum\u00e1ticos para motocicletas muy\u00a0adecuados para este tipo de medio de transporte. En 1962, la marca\u00a0 comenz\u00f3 a fabricar modelos para cualquier tipo de veh\u00edculos, incluso\u00a0neum\u00e1ticos 4X4; sin embargo, siempre se decantaron mucho m\u00e1s por las [&hellip;]<\/p>\n","protected":false},"author":6,"featured_media":15943,"parent":15852,"menu_order":0,"comment_status":"closed","ping_status":"closed","template":"","meta":{"footnotes":""},"class_list":["post-15942","page","type-page","status-publish","has-post-thumbnail","hentry"],"_links":{"self":[{"href":"https:\/\/www.muchoneumatico.com\/blog\/wp-json\/wp\/v2\/pages\/15942","targetHints":{"allow":["GET"]}}],"collection":[{"href":"https:\/\/www.muchoneumatico.com\/blog\/wp-json\/wp\/v2\/pages"}],"about":[{"href":"https:\/\/www.muchoneumatico.com\/blog\/wp-json\/wp\/v2\/types\/page"}],"author":[{"embeddable":true,"href":"https:\/\/www.muchoneumatico.com\/blog\/wp-json\/wp\/v2\/users\/6"}],"replies":[{"embeddable":true,"href":"https:\/\/www.muchoneumatico.com\/blog\/wp-json\/wp\/v2\/comments?post=15942"}],"version-history":[{"count":0,"href":"https:\/\/www.muchoneumatico.com\/blog\/wp-json\/wp\/v2\/pages\/15942\/revisions"}],"up":[{"embeddable":true,"href":"https:\/\/www.muchoneumatico.com\/blog\/wp-json\/wp\/v2\/pages\/15852"}],"wp:featuredmedia":[{"embeddable":true,"href":"https:\/\/www.muchoneumatico.com\/blog\/wp-json\/wp\/v2\/media\/15943"}],"wp:attachment":[{"href":"https:\/\/www.muchoneumatico.com\/blog\/wp-json\/wp\/v2\/media?parent=15942"}],"curies":[{"name":"wp","href":"https:\/\/api.w.org\/{rel}","templated":true}]}}