{"id":15928,"date":"2023-01-24T10:53:16","date_gmt":"2023-01-24T09:53:16","guid":{"rendered":"https:\/\/www.muchoneumatico.com\/blog\/?page_id=15928"},"modified":"2024-12-02T10:14:23","modified_gmt":"2024-12-02T09:14:23","slug":"neumaticos-mabor","status":"publish","type":"page","link":"https:\/\/www.muchoneumatico.com\/blog\/fabricantes\/neumaticos-mabor\/","title":{"rendered":"Neum\u00e1ticos Mabor"},"content":{"rendered":"<p>La empresa de <a href=\"https:\/\/www.muchoneumatico.com\/marcas\/mabor\">neum\u00e1ticos Mabor<\/a> fue fundada en Portugal en 1938 por el Dr. J\u00falio Anahori De Quental Calheiros. La tecnolog\u00eda m\u00e1s avanzada garantiza un placer de conducci\u00f3n seguro. Mabor ofrece una gama de neum\u00e1ticos excelentes para satisfacer todos los requisitos, incluso en condiciones clim\u00e1ticas adversas con sus excelentes <span style=\"text-decoration: underline;\"><a href=\"https:\/\/www.muchoneumatico.com\/comprar-neumaticos\/neumaticos-invierno\">ruedas de invierno<\/a><\/span>.<\/p>\n<p>Otro financista fue el fabricante de neum\u00e1ticos estadounidense <span style=\"text-decoration: underline;\"><a href=\"https:\/\/www.muchoneumatico.com\/marcas\/general-tire\">General Tire<\/a><\/span>, que allan\u00f3 el camino para <strong>el \u00e9xito de Mabor en el mundo de los neum\u00e1ticos<\/strong> con conocimientos t\u00e9cnicos y equipos. Actualmente, es propiedad de <span style=\"text-decoration: underline;\"><a href=\"https:\/\/www.muchoneumatico.com\/marcas\/continental\">Continental<\/a><\/span> desde 1990.<\/p>\n<h2>Neum\u00e1ticos Mabor: historia y modelos<\/h2>\n<p>Mabor \u00ab<em>fabricaci\u00f3n nacional de caucho<\/em>\u00bb fue inaugurada por el Dr. Julius Anahori de Quental Calhoun, Conde de Coviha y Presidente del Banco Borges, en 1938 en Lousado en Portugal.<\/p>\n<p>La marca Mabor<strong> es la abreviatura del nombre de su esposa Mar\u00eda Borges<\/strong>. La apertura de la f\u00e1brica fue posible gracias al capital prestado por el Banco Borges y al apoyo t\u00e9cnico de la estadounidense General Tire, las plantas fueron abastecidas en la etapa de reconstrucci\u00f3n de posguerra por Gran Breta\u00f1a y Estados Unidos.<\/p>\n<p><img decoding=\"async\" class=\"aligncenter size-full wp-image-15932 lazyload\" data-src=\"https:\/\/www.muchoneumatico.com\/blog\/wp-content\/uploads\/2023\/01\/car-tires-rack.jpg\" alt=\"Neum\u00e1ticos Mabor\" width=\"2000\" height=\"1326\" src=\"data:image\/svg+xml;base64,PHN2ZyB3aWR0aD0iMSIgaGVpZ2h0PSIxIiB4bWxucz0iaHR0cDovL3d3dy53My5vcmcvMjAwMC9zdmciPjwvc3ZnPg==\" style=\"--smush-placeholder-width: 2000px; --smush-placeholder-aspect-ratio: 2000\/1326;\" \/><\/p>\n<p><strong>Los primeros neum\u00e1ticos producidos fueron<\/strong> <span style=\"text-decoration: underline;\"><a href=\"https:\/\/www.muchoneumatico.com\/comprar-neumaticos\/neumaticos-camion\">para camiones<\/a><\/span> y ten\u00edan la marca conjunta Mabor-General. La fuerza colonial portuguesa desempe\u00f1\u00f3 un papel importante para facilitar el suministro de materias primas de \u00c1frica, especialmente caucho de Giunea y Angola.<\/p>\n<p>En 1950 nace ITA (Industria Tessile Ave) junto a Mabor con el objetivo de producir semielaborados para la producci\u00f3n de neum\u00e1ticos, desde entonces la historia de las dos f\u00e1bricas preceder\u00e1 en paralelo.<\/p>\n<p>Mabor pronto obtuvo su independencia y, bajo la sabia direcci\u00f3n del conde,<strong> implement\u00f3 pol\u00edticas econ\u00f3micas y sociales destinadas a crear prosperidad<\/strong> con nuevos puestos de trabajo e infraestructura metropolitana.<\/p>\n<h3>Mabor hacia el futuro<\/h3>\n<p>Pasando por altibajos, la marca sigue creciendo<strong> durante m\u00e1s de 30 a\u00f1os<\/strong> y el modelo Mabor se toma como ejemplo para muchas otras productoras portuguesas.<\/p>\n<p>A finales de los 80, Mabor ya estaba \u00abenvejecido\u00bb, para poder competir con la competencia necesitaba ser modernizado y reorganizado, por lo que <strong>fue vendido a la alemana Continental<\/strong> que, tras las necesarias actualizaciones, convirti\u00f3 a la marca en una de las principales marcas del segmento econ\u00f3mico de los mercados occidentales. Continental tambi\u00e9n adquiri\u00f3 el 100% de la industria textil ITA, lo que brind\u00f3 una contribuci\u00f3n insustituible al proceso de producci\u00f3n.<\/p>\n<p>Hoy la f\u00e1brica de Lousado <strong>cuenta con m\u00e1s de 1.500 trabajadores<\/strong> y, aplicando los criterios de racionalizaci\u00f3n industrial de Continental, produce a toda m\u00e1quina neum\u00e1ticos de alta calidad para todas las marcas del grupo.<\/p>\n<p><img decoding=\"async\" class=\"aligncenter size-full wp-image-15931 lazyload\" data-src=\"https:\/\/www.muchoneumatico.com\/blog\/wp-content\/uploads\/2023\/01\/mechanic-holding-a-tire-tire-at-the-repair-garage-replacement-of-winter-and-summer-tires-1.jpg\" alt=\"Neum\u00e1ticos Mabor\" width=\"2000\" height=\"1335\" src=\"data:image\/svg+xml;base64,PHN2ZyB3aWR0aD0iMSIgaGVpZ2h0PSIxIiB4bWxucz0iaHR0cDovL3d3dy53My5vcmcvMjAwMC9zdmciPjwvc3ZnPg==\" style=\"--smush-placeholder-width: 2000px; --smush-placeholder-aspect-ratio: 2000\/1335;\" \/><\/p>\n","protected":false},"excerpt":{"rendered":"<p>La empresa de neum\u00e1ticos Mabor fue fundada en Portugal en 1938 por el Dr. J\u00falio Anahori De Quental Calheiros. La tecnolog\u00eda m\u00e1s avanzada garantiza un placer de conducci\u00f3n seguro. Mabor ofrece una gama de neum\u00e1ticos excelentes para satisfacer todos los requisitos, incluso en condiciones clim\u00e1ticas adversas con sus excelentes ruedas de invierno. Otro financista fue [&hellip;]<\/p>\n","protected":false},"author":6,"featured_media":15930,"parent":15852,"menu_order":0,"comment_status":"closed","ping_status":"closed","template":"","meta":{"footnotes":""},"class_list":["post-15928","page","type-page","status-publish","has-post-thumbnail","hentry"],"_links":{"self":[{"href":"https:\/\/www.muchoneumatico.com\/blog\/wp-json\/wp\/v2\/pages\/15928","targetHints":{"allow":["GET"]}}],"collection":[{"href":"https:\/\/www.muchoneumatico.com\/blog\/wp-json\/wp\/v2\/pages"}],"about":[{"href":"https:\/\/www.muchoneumatico.com\/blog\/wp-json\/wp\/v2\/types\/page"}],"author":[{"embeddable":true,"href":"https:\/\/www.muchoneumatico.com\/blog\/wp-json\/wp\/v2\/users\/6"}],"replies":[{"embeddable":true,"href":"https:\/\/www.muchoneumatico.com\/blog\/wp-json\/wp\/v2\/comments?post=15928"}],"version-history":[{"count":0,"href":"https:\/\/www.muchoneumatico.com\/blog\/wp-json\/wp\/v2\/pages\/15928\/revisions"}],"up":[{"embeddable":true,"href":"https:\/\/www.muchoneumatico.com\/blog\/wp-json\/wp\/v2\/pages\/15852"}],"wp:featuredmedia":[{"embeddable":true,"href":"https:\/\/www.muchoneumatico.com\/blog\/wp-json\/wp\/v2\/media\/15930"}],"wp:attachment":[{"href":"https:\/\/www.muchoneumatico.com\/blog\/wp-json\/wp\/v2\/media?parent=15928"}],"curies":[{"name":"wp","href":"https:\/\/api.w.org\/{rel}","templated":true}]}}