{"id":15919,"date":"2023-01-24T10:41:57","date_gmt":"2023-01-24T09:41:57","guid":{"rendered":"https:\/\/www.muchoneumatico.com\/blog\/?page_id=15919"},"modified":"2024-12-02T10:15:07","modified_gmt":"2024-12-02T09:15:07","slug":"neumaticos-lassa","status":"publish","type":"page","link":"https:\/\/www.muchoneumatico.com\/blog\/fabricantes\/neumaticos-lassa\/","title":{"rendered":"Neum\u00e1ticos Lassa"},"content":{"rendered":"<p><a href=\"https:\/\/www.muchoneumatico.com\/marcas\/lassa\">Neum\u00e1ticos Lassa<\/a> es la marca n\u00famero uno en <strong>Turqu\u00eda<\/strong> y celebr\u00f3 ya <strong>m\u00e1s de 40 a\u00f1os de actividad,<\/strong>\u00a0fabricando <span style=\"text-decoration: underline;\"><a href=\"https:\/\/www.muchoneumatico.com\/info\/marcas\/segundas-marcas\">neum\u00e1ticos de calidad<\/a><\/span>\u00a0para todo el mundo, pero en especial para Europa. En la actualidad, los\u00a0<strong>neum\u00e1ticos Lassa<\/strong>\u00a0se fabrican con la \u00faltima tecnolog\u00eda del sector, adem\u00e1s de contar con un fuerte departamento de investigaci\u00f3n. Entre sus principales patrocinios se encuentra el de los clubs de Barcelona, tanto el de f\u00fatbol como el de baloncesto. En cuanto al de b\u00e1squet, Lassa forma parte del nombre oficial de la formaci\u00f3n.<\/p>\n<p>Dota de\u00a0<strong>neum\u00e1ticos a 60 pa\u00edses<\/strong>\u00a0a trav\u00e9s de sus cinco distribuidores oficiales. La seguridad es su mayor premisa y ejemplo de ello es haber ganado varios premios internacionales y europeos por la gran calidad de los compuestos. Adem\u00e1s, cuenta con servicio al cliente de primera calidad, manteniendo sus estatus de marca m\u00e1s r\u00e1pida y fiable a trav\u00e9s de sus servicios de venta y postventas.<\/p>\n<p><img decoding=\"async\" class=\"aligncenter size-full wp-image-15922 lazyload\" data-src=\"https:\/\/www.muchoneumatico.com\/blog\/wp-content\/uploads\/2023\/01\/close-up-of-new-car-wheel-tyre.jpg\" alt=\"Neum\u00e1ticos Lassa\" width=\"2000\" height=\"1333\" src=\"data:image\/svg+xml;base64,PHN2ZyB3aWR0aD0iMSIgaGVpZ2h0PSIxIiB4bWxucz0iaHR0cDovL3d3dy53My5vcmcvMjAwMC9zdmciPjwvc3ZnPg==\" style=\"--smush-placeholder-width: 2000px; --smush-placeholder-aspect-ratio: 2000\/1333;\" \/><\/p>\n<h2>Modelos de neum\u00e1ticos Lassa<\/h2>\n<p>El fabricante Lassa produce una gran variedad de neum\u00e1tciso para diferentes tipos de coches, 4&#215;4, SUV, furgonetas y veh\u00edculis comerciales. Estos son dos de sus neum\u00e1ticos m\u00e1s vendidos:<\/p>\n<h3>Lassa Competus H\/L<\/h3>\n<p>Conocido como el h\u00e9roe de la ciudad en la ciudad. Id\u00f3neo si conduces un\u00a0<span style=\"text-decoration: underline;\"><a href=\"https:\/\/www.muchoneumatico.com\/comprar-neumaticos\/neumaticos-4x4\/\">veh\u00edculo 4&#215;4<\/a><\/span>\u00a0por la ciudad y sus autov\u00edas y autopistas colindantes. Con ellos puestos sentir\u00e1n una gran seguridad y control mientras conduces a altas velocidades sin ver comprometida su durabilidad, que es larga debido al tipo de construcci\u00f3n que se ha empleado. El agarre y la frenada son \u00f3ptimos tanto en superficies secas como mojadas evitando as\u00ed el temido\u00a0<span style=\"text-decoration: underline;\"><a href=\"https:\/\/www.muchoneumatico.com\/guias\/consejos-de-conduccion\/aquaplaning\">aquaplaning<\/a><\/span>. A pesar de estar dirigido a unos usuarios de conducci\u00f3n m\u00e1s urbana, te defender\u00e1s bien si decides hacer una escapada al campo o la monta\u00f1a.<\/p>\n<h3>Lass Competus Winter<\/h3>\n<p>Dise\u00f1ados para superficies de lluvia y nieve en condiciones adversas. Da la oportunidad conductores de 4&#215;4 y SUV de disfrutar de una conducci\u00f3n en conducciones adversas sin olvidar del confort y la tracci\u00f3n de sus veh\u00edculos. Gracias a su estructura compuesta de silicio logra que la cubierta se agarre al m\u00e1ximo al terreno mientras que las bandas logran evacuar el m\u00e1ximo n\u00famero de litros de agua.<\/p>\n<p><img decoding=\"async\" class=\"aligncenter size-full wp-image-15921 lazyload\" data-src=\"https:\/\/www.muchoneumatico.com\/blog\/wp-content\/uploads\/2023\/01\/tyres-fitted-on-car-for-off-road.jpg\" alt=\"Neum\u00e1ticos Lassa\" width=\"2000\" height=\"1333\" src=\"data:image\/svg+xml;base64,PHN2ZyB3aWR0aD0iMSIgaGVpZ2h0PSIxIiB4bWxucz0iaHR0cDovL3d3dy53My5vcmcvMjAwMC9zdmciPjwvc3ZnPg==\" style=\"--smush-placeholder-width: 2000px; --smush-placeholder-aspect-ratio: 2000\/1333;\" \/><\/p>\n","protected":false},"excerpt":{"rendered":"<p>Neum\u00e1ticos Lassa es la marca n\u00famero uno en Turqu\u00eda y celebr\u00f3 ya m\u00e1s de 40 a\u00f1os de actividad,\u00a0fabricando neum\u00e1ticos de calidad\u00a0para todo el mundo, pero en especial para Europa. En la actualidad, los\u00a0neum\u00e1ticos Lassa\u00a0se fabrican con la \u00faltima tecnolog\u00eda del sector, adem\u00e1s de contar con un fuerte departamento de investigaci\u00f3n. Entre sus principales patrocinios se [&hellip;]<\/p>\n","protected":false},"author":6,"featured_media":15920,"parent":15852,"menu_order":0,"comment_status":"closed","ping_status":"closed","template":"","meta":{"footnotes":""},"class_list":["post-15919","page","type-page","status-publish","has-post-thumbnail","hentry"],"_links":{"self":[{"href":"https:\/\/www.muchoneumatico.com\/blog\/wp-json\/wp\/v2\/pages\/15919","targetHints":{"allow":["GET"]}}],"collection":[{"href":"https:\/\/www.muchoneumatico.com\/blog\/wp-json\/wp\/v2\/pages"}],"about":[{"href":"https:\/\/www.muchoneumatico.com\/blog\/wp-json\/wp\/v2\/types\/page"}],"author":[{"embeddable":true,"href":"https:\/\/www.muchoneumatico.com\/blog\/wp-json\/wp\/v2\/users\/6"}],"replies":[{"embeddable":true,"href":"https:\/\/www.muchoneumatico.com\/blog\/wp-json\/wp\/v2\/comments?post=15919"}],"version-history":[{"count":0,"href":"https:\/\/www.muchoneumatico.com\/blog\/wp-json\/wp\/v2\/pages\/15919\/revisions"}],"up":[{"embeddable":true,"href":"https:\/\/www.muchoneumatico.com\/blog\/wp-json\/wp\/v2\/pages\/15852"}],"wp:featuredmedia":[{"embeddable":true,"href":"https:\/\/www.muchoneumatico.com\/blog\/wp-json\/wp\/v2\/media\/15920"}],"wp:attachment":[{"href":"https:\/\/www.muchoneumatico.com\/blog\/wp-json\/wp\/v2\/media?parent=15919"}],"curies":[{"name":"wp","href":"https:\/\/api.w.org\/{rel}","templated":true}]}}