{"id":15870,"date":"2023-01-23T14:22:47","date_gmt":"2023-01-23T13:22:47","guid":{"rendered":"https:\/\/www.muchoneumatico.com\/blog\/?page_id=15870"},"modified":"2024-12-02T10:12:56","modified_gmt":"2024-12-02T09:12:56","slug":"neumaticos-ovation","status":"publish","type":"page","link":"https:\/\/www.muchoneumatico.com\/blog\/fabricantes\/neumaticos-ovation\/","title":{"rendered":"Neum\u00e1ticos Ovation"},"content":{"rendered":"<p><strong>Comprar neum\u00e1ticos Ovation<\/strong>\u00a0es apostar por el confort en los viajes largos y la seguridad de toda tu familia. Dentro de su amplia gama, se pueden conseguir diferentes modelos y tama\u00f1os para que puedas adaptar los <a href=\"https:\/\/www.muchoneumatico.com\/marcas\/ovation\">neum\u00e1ticos Ovation<\/a> al coche que quieras.<\/p>\n<p>\u00bfTienes dudas? Recuerda que tenemos un equipo de profesionales al que le puedes preguntar cu\u00e1l es <strong>la mejor opci\u00f3n para tus coches<\/strong>.<\/p>\n<h2>Historia de neum\u00e1ticos Ovation<\/h2>\n<p>Ovation <strong>produce neum\u00e1ticos <\/strong>para coches turismo, 4&#215;4, SUV y veh\u00edculos comerciales <strong>desde 1995 en b\u00e1sicamente todo el mundo<\/strong>. La empresa se ha consolidado como uno de los principales <span style=\"text-decoration: underline;\"><a href=\"https:\/\/www.muchoneumatico.com\/comprar-neumaticos\/neumaticos-chinos\">fabricantes chinos<\/a><\/span> de neum\u00e1ticos, registrando notables tasas de crecimiento por la excelente relaci\u00f3n calidad-precio de sus productos. Ovation cuenta con unas instalaciones de \u00faltima generaci\u00f3n, as\u00ed como recursos t\u00e9cnicos que sit\u00faan a Ovation en la vanguardia tecnol\u00f3gica de la producci\u00f3n de neum\u00e1ticos.<\/p>\n<p>Adem\u00e1s, la alta cualificaci\u00f3n del equipo humano y los equipos especializados en investigaci\u00f3n y desarrollo dan como resultado un excelente y amplia gama de neum\u00e1ticos de turismo, UHP (Ultra High Performance) y <span style=\"text-decoration: underline;\"><a href=\"https:\/\/www.muchoneumatico.com\/comprar-neumaticos\/neumaticos-furgoneta\">para furgonetas<\/a><\/span>.<\/p>\n<h3>De donde son los neum\u00e1ticos Ovation<\/h3>\n<p>La marca OVATION se distribuye en m\u00e1s de 9 pa\u00edses diferentes, entre ellos <strong>Espa\u00f1a, Portugal y Norte de \u00c1frica<\/strong> y mundialmente, como tambi\u00e9n en <strong>Brasil, Am\u00e9rica central y meridional<\/strong>.<\/p>\n<p>La dimensi\u00f3n internacional del grupo de distribuci\u00f3n, la experiencia de servicio en el mercado y nuestra amplia base de clientes garantizan la disponibilidad y suministro de OVATION en los pa\u00edses cuya distribuci\u00f3n ostentamos en exclusiva, ofreciendo tecnolog\u00eda y prestaciones al mejor precio.<\/p>\n<p>Los productos de Ovation han obtenido todos los certificados de calidad de <span style=\"text-decoration: underline;\"><a href=\"https:\/\/www.muchoneumatico.com\/blog\/noticias\/fecha-fabricacion-neumaticos-dot\/\">DOT<\/a><\/span>, <strong>ECE, CCC e INMETRO<\/strong>.<\/p>\n<p><img decoding=\"async\" class=\"aligncenter size-full wp-image-15873 lazyload\" data-src=\"https:\/\/www.muchoneumatico.com\/blog\/wp-content\/uploads\/2023\/01\/Neumaticos-Ovation-para-coches-y-SUV.jpg\" alt=\"Neum\u00e1ticos Ovation para coches y SUV\" width=\"2000\" height=\"806\" src=\"data:image\/svg+xml;base64,PHN2ZyB3aWR0aD0iMSIgaGVpZ2h0PSIxIiB4bWxucz0iaHR0cDovL3d3dy53My5vcmcvMjAwMC9zdmciPjwvc3ZnPg==\" style=\"--smush-placeholder-width: 2000px; --smush-placeholder-aspect-ratio: 2000\/806;\" \/><\/p>\n<h3>Neum\u00e1ticos Ovation de turismo<\/h3>\n<ul>\n<li><strong>VI-682<\/strong> se caracteriza por una eficiencia en consumo con excelentes prestaciones. El VI-682 utiliza un compuesto de <span style=\"text-decoration: underline;\"><a href=\"https:\/\/www.muchoneumatico.com\/blog\/consejos\/sustancia-extraida-arbol-neumaticos\/\">caucho especial<\/a><\/span> que ofrece baja resistencia a la rodadura.<\/li>\n<li><strong>VI-388<\/strong> es un neum\u00e1tico de altas prestaciones para turismos de gama media y alta. Su dise\u00f1o est\u00e1 pensado para conseguir las m\u00e1s altas prestaciones en los veh\u00edculos.<\/li>\n<\/ul>\n<h3>Neum\u00e1ticos Ovation de Todoterreno\/4&#215;4<\/h3>\n<p>Todos los modelos est\u00e1n estudiados y dise\u00f1ados para ofrecer siempre<strong> excelente rendimiento y tracci\u00f3n<\/strong> en las diferentes condiciones de terreno y climas:<\/p>\n<ul>\n<li>VI-686 AT 4&#215;4<\/li>\n<li>VI-186 MT 4&#215;4<\/li>\n<li>VI-286 AT 4&#215;4<\/li>\n<li>VI-286 HT 4&#215;4<\/li>\n<\/ul>\n<h3>Neum\u00e1ticos Ovation para furgonetas<\/h3>\n<ul>\n<li>Ovation V-02<\/li>\n<\/ul>\n<p><strong>Un verdadero \u00e9xito de ventas<\/strong> a nivel mundial, gracias a su alto rendimiento y kilometraje, resistencia a los golpes y durabilidad. Con un excelente rendimiento kilom\u00e9trico y capacidad de carga, el neum\u00e1ticos de furgoneta Ovation V-02 esta fabricado con un <strong>compuesto especial<\/strong> y espec\u00edficamente dise\u00f1ado para obtener una mayor duraci\u00f3n y <span style=\"text-decoration: underline;\"><a href=\"https:\/\/www.muchoneumatico.com\/guias\/indice-de-carga-neumaticos\">capacidad de carga<\/a><\/span>. El dise\u00f1o de su dibujo proporciona mejor tracci\u00f3n y manejabilidad. El V-02 utiliza un compuesto especial de caucho en la banda de rodadura dise\u00f1ado para un mayor rendimiento generando menos calor. Ideal para cargas pesadas.<\/p>\n<h3>Neum\u00e1ticos Ovation de Cami\u00f3n<\/h3>\n<p>Ovation es conocida por la gran variedad de <span style=\"text-decoration: underline;\"><a href=\"https:\/\/www.muchoneumatico.com\/comprar-neumaticos\/neumaticos-camion\">neum\u00e1ticos de cami\u00f3n<\/a><\/span>, entre cuyos modelos destacan estos ocho:<\/p>\n<ul>\n<li><strong>ETL-311<\/strong> para tr\u00e1iler.<\/li>\n<li><strong>VI-022<\/strong> para posici\u00f3n de remolque.<\/li>\n<li><strong>VI-011<\/strong> para todas las posiciones en cami\u00f3n.<\/li>\n<li><strong>VI-702<\/strong> para posiciones direccional y remolque.<\/li>\n<li><strong>VI-768,<\/strong> <strong>VI-638, VI-638 y VI-668 <\/strong>para eje de tracci\u00f3n.<\/li>\n<\/ul>\n<p><img decoding=\"async\" class=\"aligncenter size-full wp-image-15872 lazyload\" data-src=\"https:\/\/www.muchoneumatico.com\/blog\/wp-content\/uploads\/2023\/01\/Neumaticos-Ovation-para-furgonetas-y-camiones.jpg\" alt=\"Neum\u00e1ticos Ovation para furgonetas y camiones\" width=\"2000\" height=\"801\" src=\"data:image\/svg+xml;base64,PHN2ZyB3aWR0aD0iMSIgaGVpZ2h0PSIxIiB4bWxucz0iaHR0cDovL3d3dy53My5vcmcvMjAwMC9zdmciPjwvc3ZnPg==\" style=\"--smush-placeholder-width: 2000px; --smush-placeholder-aspect-ratio: 2000\/801;\" \/><\/p>\n","protected":false},"excerpt":{"rendered":"<p>Comprar neum\u00e1ticos Ovation\u00a0es apostar por el confort en los viajes largos y la seguridad de toda tu familia. Dentro de su amplia gama, se pueden conseguir diferentes modelos y tama\u00f1os para que puedas adaptar los neum\u00e1ticos Ovation al coche que quieras. \u00bfTienes dudas? Recuerda que tenemos un equipo de profesionales al que le puedes preguntar [&hellip;]<\/p>\n","protected":false},"author":6,"featured_media":15871,"parent":15852,"menu_order":0,"comment_status":"closed","ping_status":"closed","template":"","meta":{"footnotes":""},"class_list":["post-15870","page","type-page","status-publish","has-post-thumbnail","hentry"],"_links":{"self":[{"href":"https:\/\/www.muchoneumatico.com\/blog\/wp-json\/wp\/v2\/pages\/15870","targetHints":{"allow":["GET"]}}],"collection":[{"href":"https:\/\/www.muchoneumatico.com\/blog\/wp-json\/wp\/v2\/pages"}],"about":[{"href":"https:\/\/www.muchoneumatico.com\/blog\/wp-json\/wp\/v2\/types\/page"}],"author":[{"embeddable":true,"href":"https:\/\/www.muchoneumatico.com\/blog\/wp-json\/wp\/v2\/users\/6"}],"replies":[{"embeddable":true,"href":"https:\/\/www.muchoneumatico.com\/blog\/wp-json\/wp\/v2\/comments?post=15870"}],"version-history":[{"count":0,"href":"https:\/\/www.muchoneumatico.com\/blog\/wp-json\/wp\/v2\/pages\/15870\/revisions"}],"up":[{"embeddable":true,"href":"https:\/\/www.muchoneumatico.com\/blog\/wp-json\/wp\/v2\/pages\/15852"}],"wp:featuredmedia":[{"embeddable":true,"href":"https:\/\/www.muchoneumatico.com\/blog\/wp-json\/wp\/v2\/media\/15871"}],"wp:attachment":[{"href":"https:\/\/www.muchoneumatico.com\/blog\/wp-json\/wp\/v2\/media?parent=15870"}],"curies":[{"name":"wp","href":"https:\/\/api.w.org\/{rel}","templated":true}]}}