{"id":15857,"date":"2023-01-23T13:44:53","date_gmt":"2023-01-23T12:44:53","guid":{"rendered":"https:\/\/www.muchoneumatico.com\/blog\/?page_id=15857"},"modified":"2024-12-02T10:38:23","modified_gmt":"2024-12-02T09:38:23","slug":"neumaticos-kormoran","status":"publish","type":"page","link":"https:\/\/www.muchoneumatico.com\/blog\/fabricantes\/neumaticos-kormoran\/","title":{"rendered":"Neum\u00e1ticos Kormoran"},"content":{"rendered":"<p>S\u00ed buscas una\u00a0marca de neum\u00e1ticos\u00a0conocida, pero al mismo tiempo cuente con precios ajustados, <a href=\"https:\/\/www.muchoneumatico.com\/marcas\/kormoran\">neum\u00e1ticos Kormoran<\/a> es tu mejor elecci\u00f3n.\u00a0 Sus casi 50 a\u00f1os en el mercado avalan experiencia y credibilidad siendo el calzado de camiones y veh\u00edculos industriales a lo largo de todo el mundo.<\/p>\n<p>La\u00a0<strong>durabilidad<\/strong>, el\u00a0<strong>agarre<\/strong>\u00a0y la\u00a0<strong>estabilidad<\/strong>\u00a0son las se\u00f1as que garantizan la calidad de este fabricante de\u00a0<span style=\"text-decoration: underline;\"><a title=\"ruedas baratas\" href=\"https:\/\/www.muchoneumatico.com\/\">neum\u00e1ticos baratos<\/a><\/span>. Ejemplo de ello son los m\u00e1s de cinco millones de unidades vendidas en los \u00faltimos diez a\u00f1os en los 2.400 puntos de venta autorizada.<\/p>\n<h2>Historia de los neum\u00e1ticos Kormoran<\/h2>\n<p>Kormoran es conocida y distribuida en\u00a0pa\u00edses de Europa como Espa\u00f1a, Polonia, Croacia, Rusia, Hungr\u00eda, y Ruman\u00eda entre otros, con m\u00e1s de 2400 distribuidores en toda Europa lleva m\u00e1s de 5 millones de ruedas vendidas desde el a\u00f1o 2005 hasta la fecha.<\/p>\n<p>Est\u00e1s ante un\u00a0<strong>producto de confianza<\/strong>, cuya meta es la seguridad. Para lograrla someten a sus ruedas a numerables pruebas de m\u00e1ximo nivel. De esta forma los neum\u00e1ticos Kormoran cumplen todas las exigencias europeas. Gracias a su pol\u00edtica, basada en la mejora constante, han reforzado los sistemas de control y seguimiento para garantizar la m\u00e1xima calidad y uniformidad de sus productos.<\/p>\n<p>La\u00a0<strong>uniformidad en el desgaste<\/strong>\u00a0podr\u00e1s explotar todo el potencial del neum\u00e1tico. Esto lo han logrado implementando un \u00e1rea de contacto optimizada en el eje directriz y motriz que dibuja una escultura bidireccional.<\/p>\n<p>A trav\u00e9s del\u00a0<strong>re-esculturado de los neum\u00e1ticos<\/strong>, Kormoran consigue prolongar la vida del neum\u00e1tico logrando un mayor n\u00famero de kil\u00f3metros y agarre. Consiste en reproducir la escultura de la banda de rodadura cuando la profundidad del dibujo est\u00e1 entre los tres y cuatro mil\u00edmetros.<\/p>\n<p><strong>Kormoran<\/strong>\u00a0tambi\u00e9n se caracteriza por recauchar sus gomas. El recauchado duplica la\u00a0<span style=\"text-decoration: underline;\"><a title=\"vida util\" href=\"https:\/\/www.muchoneumatico.com\/guias\/caracteristicas-neumaticos\/vida-util-neumatico\">vida \u00fatil del neum\u00e1tico<\/a><\/span>\u00a0y reduce el consumo de recursos naturales. Esta operaci\u00f3n tambi\u00e9n permite\u00a0<strong>reducir en un 70%<\/strong>\u00a0la materia prima empleada en la fabricaci\u00f3n de un neum\u00e1tico.<\/p>\n<p>Actualmente\u00a0<strong>es segunda marca del fabricante de <span style=\"text-decoration: underline;\"><a href=\"https:\/\/www.muchoneumatico.com\/marcas\/michelin\">neum\u00e1ticos Michelin<\/a><\/span><\/strong>, la marca franc\u00e9s n.1 en ventas en todo el mundo.<\/p>\n<p><img decoding=\"async\" class=\"aligncenter size-full wp-image-15860 lazyload\" data-src=\"https:\/\/www.muchoneumatico.com\/blog\/wp-content\/uploads\/2023\/01\/Modelos-de-Neumaticos-Kormoran.jpg\" alt=\"Modelos de Neum\u00e1ticos Kormoran\" width=\"2000\" height=\"845\" src=\"data:image\/svg+xml;base64,PHN2ZyB3aWR0aD0iMSIgaGVpZ2h0PSIxIiB4bWxucz0iaHR0cDovL3d3dy53My5vcmcvMjAwMC9zdmciPjwvc3ZnPg==\" style=\"--smush-placeholder-width: 2000px; --smush-placeholder-aspect-ratio: 2000\/845;\" \/><\/p>\n<h2>Modelos de Kormoran<\/h2>\n<p>Kormoran cuenta con tres grandes\u00a0<strong>gamas<\/strong>\u00a0para veh\u00edculo comerciales e industriales.<\/p>\n<h3>Gama Roads<\/h3>\n<p>Ideales para todo tipo de carretera para recorridos de corta y larga distancia. Cuenta con una gran fiabilidad, robustez, movilidad en invierno y un alto resultado en cuanto a movilidad sostenible.<\/p>\n<h3>Gama ON\/OFF<\/h3>\n<p>Si eres de los que busca una gama de utilizaci\u00f3n mixta, tanto en carretera como en obra y cantera, esta es tu mejor opci\u00f3n. Sus puntos fuertes son una incre\u00edble movilidad en invierno, robustez en condiciones extremas y una \u00f3ptima fiabilidad. Recomendados para veh\u00edculos de obra y porta m\u00e1quinas.<\/p>\n<h3>Gama City<\/h3>\n<p>Perfectas para ser calzadas en veh\u00edculos de utilizaci\u00f3n\u00a0<strong>urbana<\/strong>\u00a0y\u00a0<strong>suburbana<\/strong>\u00a0a una velocidad media reducida. Fiabilidad, robustez, confort ac\u00fastico y movilidad en invierno, son sus principales bazas.<\/p>\n<h2>Precios neum\u00e1ticos Kormoran<\/h2>\n<p>Gracias al proceso de fabricaci\u00f3n de Kormoran a trav\u00e9s del recauchutado de neum\u00e1ticos, se consigue unos precios realmente baratos en sus gomas lo cual es de agradecer en tiempos de crisis o si se dispone de presupuestos ajustados.<\/p>\n<h3>Opiniones Kormoran<\/h3>\n<p>Que un neum\u00e1tico sea barato no quiere decir que su calidad sea baja, hay que tener en cuanta otros factores a la hora de decidirse por un neum\u00e1tico de clase econ\u00f3mica. Este es el caso de Kormoran, donde la relaci\u00f3n calidad\/precio se hace m\u00e1s que visible y donde adem\u00e1s cuenta con muy buenas opiniones por parte de los usuarios.<\/p>\n<p><img decoding=\"async\" class=\"aligncenter size-full wp-image-15858 lazyload\" data-src=\"https:\/\/www.muchoneumatico.com\/blog\/wp-content\/uploads\/2023\/01\/Coche-con-Neumaticos-Kormoran.jpg\" alt=\"Coche con Neum\u00e1ticos Kormoran\" width=\"2001\" height=\"1333\" src=\"data:image\/svg+xml;base64,PHN2ZyB3aWR0aD0iMSIgaGVpZ2h0PSIxIiB4bWxucz0iaHR0cDovL3d3dy53My5vcmcvMjAwMC9zdmciPjwvc3ZnPg==\" style=\"--smush-placeholder-width: 2001px; --smush-placeholder-aspect-ratio: 2001\/1333;\" \/><\/p>\n","protected":false},"excerpt":{"rendered":"<p>S\u00ed buscas una\u00a0marca de neum\u00e1ticos\u00a0conocida, pero al mismo tiempo cuente con precios ajustados, neum\u00e1ticos Kormoran es tu mejor elecci\u00f3n.\u00a0 Sus casi 50 a\u00f1os en el mercado avalan experiencia y credibilidad siendo el calzado de camiones y veh\u00edculos industriales a lo largo de todo el mundo. La\u00a0durabilidad, el\u00a0agarre\u00a0y la\u00a0estabilidad\u00a0son las se\u00f1as que garantizan la calidad de [&hellip;]<\/p>\n","protected":false},"author":6,"featured_media":15859,"parent":15852,"menu_order":0,"comment_status":"closed","ping_status":"closed","template":"","meta":{"footnotes":""},"class_list":["post-15857","page","type-page","status-publish","has-post-thumbnail","hentry"],"_links":{"self":[{"href":"https:\/\/www.muchoneumatico.com\/blog\/wp-json\/wp\/v2\/pages\/15857","targetHints":{"allow":["GET"]}}],"collection":[{"href":"https:\/\/www.muchoneumatico.com\/blog\/wp-json\/wp\/v2\/pages"}],"about":[{"href":"https:\/\/www.muchoneumatico.com\/blog\/wp-json\/wp\/v2\/types\/page"}],"author":[{"embeddable":true,"href":"https:\/\/www.muchoneumatico.com\/blog\/wp-json\/wp\/v2\/users\/6"}],"replies":[{"embeddable":true,"href":"https:\/\/www.muchoneumatico.com\/blog\/wp-json\/wp\/v2\/comments?post=15857"}],"version-history":[{"count":0,"href":"https:\/\/www.muchoneumatico.com\/blog\/wp-json\/wp\/v2\/pages\/15857\/revisions"}],"up":[{"embeddable":true,"href":"https:\/\/www.muchoneumatico.com\/blog\/wp-json\/wp\/v2\/pages\/15852"}],"wp:featuredmedia":[{"embeddable":true,"href":"https:\/\/www.muchoneumatico.com\/blog\/wp-json\/wp\/v2\/media\/15859"}],"wp:attachment":[{"href":"https:\/\/www.muchoneumatico.com\/blog\/wp-json\/wp\/v2\/media?parent=15857"}],"curies":[{"name":"wp","href":"https:\/\/api.w.org\/{rel}","templated":true}]}}